{"id":9526,"date":"2026-04-13T17:54:03","date_gmt":"2026-04-13T09:54:03","guid":{"rendered":"https:\/\/dryingplant.com\/?page_id=9526"},"modified":"2026-04-13T17:54:05","modified_gmt":"2026-04-13T09:54:05","slug":"inquiry-guide","status":"publish","type":"page","link":"https:\/\/dryingplant.com\/vi\/inquiry-guide\/","title":{"rendered":"H\u01b0\u1edbng D\u1eabn Th\u0103m Kh\u1ea3o"},"content":{"rendered":"<h2 class=\"wp-block-heading\"><mark style=\"background-color:rgba(0, 0, 0, 0)\" class=\"has-inline-color has-theme-palette-1-color\">C\u00e1ch ch\u1ecdn m\u00e1y s\u1ea5y ph\u00f9 h\u1ee3p cho v\u1eadt li\u1ec7u c\u1ee7a b\u1ea1n<\/mark><\/h2>    <p>Ch\u1ecdn m\u00e1y s\u1ea5y ph\u00f9 h\u1ee3p ph\u1ee5 thu\u1ed9c v\u00e0o v\u1eadt li\u1ec7u c\u1ee7a b\u1ea1n, \u0111\u1ed9 \u1ea9m, v\u00e0 y\u00eau c\u1ea7u s\u1ea3n xu\u1ea5t.<\/p>    <p class=\"translation-block\">T\u1ea1i Nh\u00e0 m\u00e1y s\u1ea5y, ch\u00fang t\u00f4i cung c\u1ea5p c\u00e1c gi\u1ea3i ph\u00e1p s\u1ea5y t\u00f9y ch\u1ec9nh cho nhi\u1ec1u lo\u1ea1i v\u1eadt li\u1ec7u, bao g\u1ed3m th\u1ef1c ph\u1ea9m, s\u1ea3n ph\u1ea9m n\u00f4ng nghi\u1ec7p, g\u1ed7, h\u00f3a ch\u1ea5t, v\u00e0 nhi\u1ec1u h\u01a1n n\u1eefa. C\u00e1c v\u1eadt li\u1ec7u kh\u00e1c nhau y\u00eau c\u1ea7u c\u00e1c c\u00f4ng ngh\u1ec7 s\u1ea5y kh\u00e1c nhau, nh\u01b0<strong><a href=\"https:\/\/dryingplant.com\/vi\/continuous-conveyor-dryer\/\"> m\u00e1y s\u1ea5y b\u0103ng t\u1ea3i,<\/a><\/strong> m\u00e1y s\u1ea5y tr\u1ed1ng, <strong><a href=\"https:\/\/dryingplant.com\/vi\/drying-room\/\">ph\u00f2ng s\u1ea5y<\/a><\/strong>, ho\u1eb7c m\u00e1y s\u1ea5y b\u1eb1ng nhi\u1ec7t b\u01a1m.<\/p>    <p>\ud83d\udc49 \u0110\u1ec3 \u0111\u1ec1 xu\u1ea5t gi\u1ea3i ph\u00e1p ph\u00f9 h\u1ee3p nh\u1ea5t, ch\u00fang t\u00f4i c\u1ea7n m\u1ed9t s\u1ed1 th\u00f4ng tin ch\u00ednh t\u1eeb b\u1ea1n tr\u01b0\u1edbc khi \u0111\u01b0a ra \u0111\u1ec1 xu\u1ea5t.<\/p>    <figure class=\"wp-block-gallery has-nested-images columns-default is-cropped wp-block-gallery-2 is-layout-flex wp-block-gallery-is-layout-flex\"> <figure class=\"wp-block-image size-large\"><img loading=\"lazy\" decoding=\"async\" width=\"720\" height=\"540\" data-id=\"9473\" src=\"https:\/\/dryingplant.com\/wp-content\/uploads\/2026\/03\/Small-Almond-Drying-Equipment.webp\" alt=\"Thi\u1ebft b\u1ecb s\u1ea5y h\u1ea1nh nh\u00e2n nh\u1ecf\" class=\"wp-image-9473\" title=\"\" srcset=\"https:\/\/dryingplant.com\/wp-content\/uploads\/2026\/03\/Small-Almond-Drying-Equipment.webp 720w, https:\/\/dryingplant.com\/wp-content\/uploads\/2026\/03\/Small-Almond-Drying-Equipment-240x180.webp 240w, https:\/\/dryingplant.com\/wp-content\/uploads\/2026\/03\/Small-Almond-Drying-Equipment-16x12.webp 16w\" sizes=\"auto, (max-width: 720px) 100vw, 720px\" \/><figcaption class=\"wp-element-caption\">Thi\u1ebft b\u1ecb s\u1ea5y h\u1ea1nh nh\u00e2n nh\u1ecf<\/figcaption><\/figure>    <figure class=\"wp-block-image size-large\"><img loading=\"lazy\" decoding=\"async\" width=\"720\" height=\"540\" data-id=\"9497\" src=\"https:\/\/dryingplant.com\/wp-content\/uploads\/2026\/04\/conveyor-type-continuous-mesh-belt-dryer.webp\" alt=\"conveyor type continuous mesh belt dryer\" class=\"wp-image-9497\" title=\"\" srcset=\"https:\/\/dryingplant.com\/wp-content\/uploads\/2026\/04\/conveyor-type-continuous-mesh-belt-dryer.webp 720w, https:\/\/dryingplant.com\/wp-content\/uploads\/2026\/04\/conveyor-type-continuous-mesh-belt-dryer-240x180.webp 240w, https:\/\/dryingplant.com\/wp-content\/uploads\/2026\/04\/conveyor-type-continuous-mesh-belt-dryer-16x12.webp 16w\" sizes=\"auto, (max-width: 720px) 100vw, 720px\" \/><figcaption class=\"wp-element-caption\">Lo\u1ea1i b\u0103ng chuy\u1ec1n: M\u00e1y s\u1ea5y b\u0103ng t\u1ea3i l\u01b0\u1edbi li\u00ean t\u1ee5c<\/figcaption><\/figure>    <figure class=\"wp-block-image size-large\"><img loading=\"lazy\" decoding=\"async\" width=\"720\" height=\"540\" data-id=\"8863\" src=\"https:\/\/dryingplant.com\/wp-content\/uploads\/2024\/04\/The-price-of-a-mobile-grain-dryer.webp\" alt=\"Gi\u00e1 c\u1ee7a m\u00e1y s\u1ea5y ng\u0169 c\u1ed1c di \u0111\u1ed9ng\" class=\"wp-image-8863\" title=\"\" srcset=\"https:\/\/dryingplant.com\/wp-content\/uploads\/2024\/04\/The-price-of-a-mobile-grain-dryer.webp 720w, https:\/\/dryingplant.com\/wp-content\/uploads\/2024\/04\/The-price-of-a-mobile-grain-dryer-240x180.webp 240w, https:\/\/dryingplant.com\/wp-content\/uploads\/2024\/04\/The-price-of-a-mobile-grain-dryer-16x12.webp 16w\" sizes=\"auto, (max-width: 720px) 100vw, 720px\" \/><figcaption class=\"wp-element-caption\">Gi\u00e1 c\u1ee7a m\u00e1y s\u1ea5y h\u1ea1t di \u0111\u1ed9ng<\/figcaption><\/figure>    <figure class=\"wp-block-image size-large\"><img loading=\"lazy\" decoding=\"async\" width=\"720\" height=\"540\" data-id=\"8801\" src=\"https:\/\/dryingplant.com\/wp-content\/uploads\/2021\/03\/Price-of-Microwave-Drying-Machine.webp\" alt=\"Gi\u00e1 m\u00e1y s\u1ea5y vi s\u00f3ng\" class=\"wp-image-8801\" title=\"\" srcset=\"https:\/\/dryingplant.com\/wp-content\/uploads\/2021\/03\/Price-of-Microwave-Drying-Machine.webp 720w, https:\/\/dryingplant.com\/wp-content\/uploads\/2021\/03\/Price-of-Microwave-Drying-Machine-240x180.webp 240w, https:\/\/dryingplant.com\/wp-content\/uploads\/2021\/03\/Price-of-Microwave-Drying-Machine-16x12.webp 16w\" sizes=\"auto, (max-width: 720px) 100vw, 720px\" \/><figcaption class=\"wp-element-caption\">Gi\u00e1 m\u00e1y s\u1ea5y vi s\u00f3ng<\/figcaption><\/figure>    <figure class=\"wp-block-image size-large\"><img loading=\"lazy\" decoding=\"async\" width=\"720\" height=\"540\" data-id=\"5869\" src=\"https:\/\/dryingplant.com\/wp-content\/uploads\/2023\/03\/inner-structure-of-sawdust-drying-equipment.webp\" alt=\"c\u1ea5u tr\u00fac b\u00ean trong c\u1ee7a thi\u1ebft b\u1ecb s\u1ea5y m\u00f9n c\u01b0a\" class=\"wp-image-5869\" title=\"\"><figcaption class=\"wp-element-caption\">C\u1ea5u tr\u00fac b\u00ean trong c\u1ee7a thi\u1ebft b\u1ecb s\u1ea5y m\u00f9n c\u01b0a<\/figcaption><\/figure> <\/figure>    <h2 class=\"wp-block-heading\"><mark style=\"background-color:rgba(0, 0, 0, 0)\" class=\"has-inline-color has-theme-palette-1-color\">B\u1ea1n c\u1ea7n cung c\u1ea5p th\u00f4ng tin g\u00ec?<\/mark><\/h2>    <p>\u0110\u1ec3 gi\u00fap ch\u00fang t\u00f4i thi\u1ebft k\u1ebf gi\u1ea3i ph\u00e1p s\u1ea5y t\u1ed1t nh\u1ea5t cho b\u1ea1n, vui l\u00f2ng cung c\u1ea5p c\u00e1c chi ti\u1ebft sau:<\/p>    <h3 class=\"wp-block-heading\">1. Th\u00f4ng tin v\u1eadt li\u1ec7u<\/h3>    <ul class=\"wp-block-list\"> <li>T\u00ean v\u1eadt li\u1ec7u c\u1ee7a b\u1ea1n l\u00e0 g\u00ec?<\/li>    <li>N\u00f3 l\u00e0 r\u1eafn, b\u1ed9t, d\u1ea1ng paste, hay d\u1ea1ng l\u1ecfng?<\/li>    <li>K\u00edch th\u01b0\u1edbc ho\u1eb7c h\u00ecnh d\u1ea1ng (l\u00e1t, h\u1ea1t, to\u00e0n b\u1ed9, v.v.)?<\/li>    <li>Vui l\u00f2ng cung c\u1ea5p <strong><mark style=\"background-color:rgba(0, 0, 0, 0)\" class=\"has-inline-color has-theme-palette-1-color\">\u1ea2nh r\u00f5 c\u1ee7a nguy\u00ean li\u1ec7u<\/mark><\/strong><\/li> <\/ul>    <p>\ud83d\udc49 C\u00e1c v\u1eadt li\u1ec7u kh\u00e1c nhau y\u00eau c\u1ea7u ph\u01b0\u01a1ng ph\u00e1p s\u1ea5y ho\u00e0n to\u00e0n kh\u00e1c nhau.<\/p>    <figure class=\"wp-block-gallery has-nested-images columns-default is-cropped wp-block-gallery-3 is-layout-flex wp-block-gallery-is-layout-flex\"> <figure class=\"wp-block-image size-large\"><img loading=\"lazy\" decoding=\"async\" width=\"720\" height=\"540\" data-id=\"9268\" src=\"https:\/\/dryingplant.com\/wp-content\/uploads\/2025\/10\/Mixed-Dried-Fruit.webp\" alt=\"Tr\u00e1i c\u00e2y s\u1ea5y tr\u1ed9n\" class=\"wp-image-9268\" title=\"\" srcset=\"https:\/\/dryingplant.com\/wp-content\/uploads\/2025\/10\/Mixed-Dried-Fruit.webp 720w, https:\/\/dryingplant.com\/wp-content\/uploads\/2025\/10\/Mixed-Dried-Fruit-240x180.webp 240w, https:\/\/dryingplant.com\/wp-content\/uploads\/2025\/10\/Mixed-Dried-Fruit-16x12.webp 16w\" sizes=\"auto, (max-width: 720px) 100vw, 720px\" \/><figcaption class=\"wp-element-caption\">Tr\u00e1i c\u00e2y s\u1ea5y tr\u1ed9n<\/figcaption><\/figure>    <figure class=\"wp-block-image size-large\"><img loading=\"lazy\" decoding=\"async\" width=\"720\" height=\"540\" data-id=\"9227\" src=\"https:\/\/dryingplant.com\/wp-content\/uploads\/2025\/10\/A-bountiful-mango-harvest.webp\" alt=\"\" class=\"wp-image-9227\" title=\"\" srcset=\"https:\/\/dryingplant.com\/wp-content\/uploads\/2025\/10\/A-bountiful-mango-harvest.webp 720w, https:\/\/dryingplant.com\/wp-content\/uploads\/2025\/10\/A-bountiful-mango-harvest-240x180.webp 240w, https:\/\/dryingplant.com\/wp-content\/uploads\/2025\/10\/A-bountiful-mango-harvest-16x12.webp 16w\" sizes=\"auto, (max-width: 720px) 100vw, 720px\" \/><\/figure>    <figure class=\"wp-block-image size-large\"><img loading=\"lazy\" decoding=\"async\" width=\"720\" height=\"540\" data-id=\"9216\" src=\"https:\/\/dryingplant.com\/wp-content\/uploads\/2025\/10\/Place-the-prepared-fish-fillets-evenly-on-the-drying-trays.webp\" alt=\"X\u1ebfp \u0111\u1ec1u l\u00e1t c\u00e1 \u0111\u00e3 chu\u1ea9n b\u1ecb l\u00ean c\u00e1c khay ph\u01a1i\" class=\"wp-image-9216\" title=\"\" srcset=\"https:\/\/dryingplant.com\/wp-content\/uploads\/2025\/10\/Place-the-prepared-fish-fillets-evenly-on-the-drying-trays.webp 720w, https:\/\/dryingplant.com\/wp-content\/uploads\/2025\/10\/Place-the-prepared-fish-fillets-evenly-on-the-drying-trays-240x180.webp 240w, https:\/\/dryingplant.com\/wp-content\/uploads\/2025\/10\/Place-the-prepared-fish-fillets-evenly-on-the-drying-trays-16x12.webp 16w\" sizes=\"auto, (max-width: 720px) 100vw, 720px\" \/><figcaption class=\"wp-element-caption\">X\u1ebfp \u0111\u1ec1u c\u00e1c l\u00e1t c\u00e1 \u0111\u00e3 chu\u1ea9n b\u1ecb l\u00ean khay s\u1ea5y<\/figcaption><\/figure>    <figure class=\"wp-block-image size-large\"><img loading=\"lazy\" decoding=\"async\" width=\"720\" height=\"540\" data-id=\"9393\" src=\"https:\/\/dryingplant.com\/wp-content\/uploads\/2026\/01\/Grape-seed.webp\" alt=\"H\u1ea1t nho\" class=\"wp-image-9393\" title=\"\" srcset=\"https:\/\/dryingplant.com\/wp-content\/uploads\/2026\/01\/Grape-seed.webp 720w, https:\/\/dryingplant.com\/wp-content\/uploads\/2026\/01\/Grape-seed-240x180.webp 240w, https:\/\/dryingplant.com\/wp-content\/uploads\/2026\/01\/Grape-seed-16x12.webp 16w\" sizes=\"auto, (max-width: 720px) 100vw, 720px\" \/><figcaption class=\"wp-element-caption\">H\u1ea1t nho<\/figcaption><\/figure>    <figure class=\"wp-block-image size-large\"><img loading=\"lazy\" decoding=\"async\" width=\"720\" height=\"540\" data-id=\"9458\" src=\"https:\/\/dryingplant.com\/wp-content\/uploads\/2026\/03\/Almond.webp\" alt=\"H\u1ea1nh nh\u00e2n\" class=\"wp-image-9458\" title=\"\" srcset=\"https:\/\/dryingplant.com\/wp-content\/uploads\/2026\/03\/Almond.webp 720w, https:\/\/dryingplant.com\/wp-content\/uploads\/2026\/03\/Almond-240x180.webp 240w, https:\/\/dryingplant.com\/wp-content\/uploads\/2026\/03\/Almond-16x12.webp 16w\" sizes=\"auto, (max-width: 720px) 100vw, 720px\" \/><\/figure>    <figure class=\"wp-block-image size-large\"><img loading=\"lazy\" decoding=\"async\" width=\"720\" height=\"540\" data-id=\"9310\" src=\"https:\/\/dryingplant.com\/wp-content\/uploads\/2025\/11\/cashew-nut_.webp\" alt=\"h\u1ea1t \u0111i\u1ec1u\" class=\"wp-image-9310\" title=\"\" srcset=\"https:\/\/dryingplant.com\/wp-content\/uploads\/2025\/11\/cashew-nut_.webp 720w, https:\/\/dryingplant.com\/wp-content\/uploads\/2025\/11\/cashew-nut_-240x180.webp 240w, https:\/\/dryingplant.com\/wp-content\/uploads\/2025\/11\/cashew-nut_-16x12.webp 16w\" sizes=\"auto, (max-width: 720px) 100vw, 720px\" \/><figcaption class=\"wp-element-caption\">H\u1ea1t \u0111i\u1ec1u<\/figcaption><\/figure> <\/figure>    <h3 class=\"wp-block-heading\">2. H\u00e0m l\u01b0\u1ee3ng \u0111\u1ed9 \u1ea9m (R\u1ea5t quan tr\u1ecdng)<\/h3>    <ul class=\"wp-block-list\"> <li>\u0110\u1ed9 \u1ea9m ban \u0111\u1ea7u (%)<\/li>    <li>\u0110\u1ed9 \u1ea9m cu\u1ed1i c\u00f9ng y\u00eau c\u1ea7u (%)<\/li> <\/ul>    <p>\ud83d\udc49 \u0110i\u1ec1u n\u00e0y x\u00e1c \u0111\u1ecbnh nhi\u1ec7t \u0111\u1ed9 s\u1ea5y, th\u1eddi gian s\u1ea5y, v\u00e0 lo\u1ea1i m\u00e1y.<\/p>    <h3 class=\"wp-block-heading\">3. Y\u00eau c\u1ea7u c\u00f4ng su\u1ea5t<\/h3>    <ul class=\"wp-block-list\"> <li>B\u1ea1n mu\u1ed1n x\u1eed l\u00fd bao nhi\u00eau v\u1eadt li\u1ec7u? (kg\/h ho\u1eb7c t\u1ea5n\/ng\u00e0y)<\/li> <\/ul>    <p class=\"translation-block\">\ud83d\udc49 \u0110i\u1ec1u n\u00e0y gi\u00fap ch\u00fang t\u00f4i quy\u1ebft \u0111\u1ecbnh xem b\u1ea1n c\u1ea7n m\u00e1y s\u1ea5y theo l\u00f4 hay li\u00ean t\u1ee5c .<\/p>    <h3 class=\"wp-block-heading\">4. \u01afu ti\u00ean ngu\u1ed3n nhi\u1ec7t<\/h3>    <ul class=\"wp-block-list\"> <li>\u0110i\u1ec7n<\/li>    <li>Kh\u00ed<\/li>    <li>H\u01a1i n\u01b0\u1edbc<\/li>    <li>Sinh kh\u1ed1i<\/li>    <li>M\u00e1y b\u01a1m nhi\u1ec7t<\/li> <\/ul>    <p>\ud83d\udc49 Ch\u00fang t\u00f4i c\u00f3 th\u1ec3 thi\u1ebft k\u1ebf m\u00e1y d\u1ef1a tr\u00ean ngu\u1ed3n n\u0103ng l\u01b0\u1ee3ng s\u1eb5n c\u00f3 c\u1ee7a b\u1ea1n.<\/p>   <div class=\"wp-block-image\"> <figure class=\"aligncenter size-full\"><img loading=\"lazy\" decoding=\"async\" width=\"720\" height=\"540\" src=\"https:\/\/dryingplant.com\/wp-content\/uploads\/2026\/04\/hot-air-continuous-mesh-belt-dryer.webp\" alt=\"m\u00e1y s\u1ea5y l\u01b0\u1edbi li\u00ean t\u1ee5c b\u1eb1ng kh\u00ed n\u00f3ng\" class=\"wp-image-9500\" title=\"\" srcset=\"https:\/\/dryingplant.com\/wp-content\/uploads\/2026\/04\/hot-air-continuous-mesh-belt-dryer.webp 720w, https:\/\/dryingplant.com\/wp-content\/uploads\/2026\/04\/hot-air-continuous-mesh-belt-dryer-240x180.webp 240w, https:\/\/dryingplant.com\/wp-content\/uploads\/2026\/04\/hot-air-continuous-mesh-belt-dryer-16x12.webp 16w\" sizes=\"auto, (max-width: 720px) 100vw, 720px\" \/><figcaption class=\"wp-element-caption\">m\u00e1y s\u1ea5y l\u01b0\u1edbi li\u00ean t\u1ee5c b\u1eb1ng kh\u00ed n\u00f3ng<\/figcaption><\/figure> <\/div>   <h3 class=\"wp-block-heading\">5. Y\u00eau c\u1ea7u s\u1ea3n ph\u1ea9m cu\u1ed1i c\u00f9ng<\/h3>    <ul class=\"wp-block-list\"> <li>H\u00ecnh d\u1ea1ng cu\u1ed1i c\u00f9ng (b\u1ed9t, l\u00e1t, h\u1ea1t, v.v.)<\/li>    <li>Y\u00eau c\u1ea7u ch\u1ea5t l\u01b0\u1ee3ng (m\u00e0u s\u1eafc, h\u01b0\u01a1ng v\u1ecb, dinh d\u01b0\u1ee1ng, v.v.)<\/li>    <li>N\u00f3 d\u00e0nh cho ch\u1ebf bi\u1ebfn th\u1ef1c ph\u1ea9m hay s\u1eed d\u1ee5ng c\u00f4ng nghi\u1ec7p?<\/li> <\/ul>    <h3 class=\"wp-block-heading\">6. \u0110i\u1ec1u ki\u1ec7n \u0111\u1ecba ph\u01b0\u01a1ng (T\u00f9y ch\u1ecdn nh\u01b0ng h\u1eefu \u00edch)<\/h3>    <ul class=\"wp-block-list\"> <li>\u0110i\u1ec7n \u00e1p v\u00e0 t\u1ea7n s\u1ed1<\/li>    <li>Kh\u00f4ng gian l\u1eafp \u0111\u1eb7t c\u00f3 s\u1eb5n<\/li>    <li>\u0110i\u1ec1u ki\u1ec7n kh\u00ed h\u1eadu \u0111\u1ecba ph\u01b0\u01a1ng<\/li> <\/ul>    <p>\ud83d\udc49 \u0110i\u1ec1u n\u00e0y gi\u00fap \u0111\u1ea3m b\u1ea3o m\u00e1y ph\u00f9 h\u1ee3p v\u1edbi m\u00f4i tr\u01b0\u1eddng nh\u00e0 m\u00e1y c\u1ee7a b\u1ea1n.<\/p>    <h2 class=\"wp-block-heading\">V\u00ed d\u1ee5 v\u1ec1 \u1ee9ng d\u1ee5ng<\/h2>    <p>Ch\u00fang t\u00f4i \u0111\u00e3 th\u00e0nh c\u00f4ng trong vi\u1ec7c cung c\u1ea5p c\u00e1c gi\u1ea3i ph\u00e1p s\u1ea5y cho nhi\u1ec1u lo\u1ea1i v\u1eadt li\u1ec7u, nh\u01b0:<\/p>    <ul class=\"wp-block-list\"> <li>Tr\u00e1i c\u00e2y v\u00e0 rau qu\u1ea3 (\u1edbt, t\u1ecfi, h\u00e0nh, xo\u00e0i)<\/li>    <li>S\u1ea3n ph\u1ea9m c\u00e1 v\u00e0 th\u1ecbt<\/li>    <li>M\u00f9n c\u01b0a v\u00e0 m\u1ea3nh g\u1ed7<\/li>    <li>V\u1eadt li\u1ec7u th\u1ea3o m\u1ed9c v\u00e0 n\u00f4ng nghi\u1ec7p<\/li> <\/ul>    <p>B\u1ea1n c\u00f3 th\u1ec3 g\u1eedi h\u00ecnh \u1ea3nh v\u1eadt li\u1ec7u c\u1ee7a m\u00ecnh, v\u00e0 ch\u00fang t\u00f4i s\u1ebd \u0111\u1ec1 xu\u1ea5t gi\u1ea3i ph\u00e1p t\u01b0\u01a1ng t\u1ef1.<\/p>    <figure class=\"wp-block-gallery has-nested-images columns-default is-cropped wp-block-gallery-4 is-layout-flex wp-block-gallery-is-layout-flex\"> <figure class=\"wp-block-image size-large\"><img loading=\"lazy\" decoding=\"async\" width=\"720\" height=\"405\" data-id=\"9457\" src=\"https:\/\/dryingplant.com\/wp-content\/uploads\/2026\/03\/Almond-Drying.webp\" alt=\"S\u1ea5y h\u1ea1nh nh\u00e2n\" class=\"wp-image-9457\" title=\"\" srcset=\"https:\/\/dryingplant.com\/wp-content\/uploads\/2026\/03\/Almond-Drying.webp 720w, https:\/\/dryingplant.com\/wp-content\/uploads\/2026\/03\/Almond-Drying-320x180.webp 320w, https:\/\/dryingplant.com\/wp-content\/uploads\/2026\/03\/Almond-Drying-160x90.webp 160w, https:\/\/dryingplant.com\/wp-content\/uploads\/2026\/03\/Almond-Drying-18x10.webp 18w\" sizes=\"auto, (max-width: 720px) 100vw, 720px\" \/><figcaption class=\"wp-element-caption\">S\u1ea5y h\u1ea1nh nh\u00e2n<\/figcaption><\/figure>    <figure class=\"wp-block-image size-large\"><img loading=\"lazy\" decoding=\"async\" width=\"720\" height=\"405\" data-id=\"9399\" src=\"https:\/\/dryingplant.com\/wp-content\/uploads\/2026\/01\/\u672a\u6807\u9898-1.webp\" alt=\"S\u1ea5y h\u1ea1t nho\" class=\"wp-image-9399\" title=\"\" srcset=\"https:\/\/dryingplant.com\/wp-content\/uploads\/2026\/01\/\u672a\u6807\u9898-1.webp 720w, https:\/\/dryingplant.com\/wp-content\/uploads\/2026\/01\/\u672a\u6807\u9898-1-320x180.webp 320w, https:\/\/dryingplant.com\/wp-content\/uploads\/2026\/01\/\u672a\u6807\u9898-1-160x90.webp 160w, https:\/\/dryingplant.com\/wp-content\/uploads\/2026\/01\/\u672a\u6807\u9898-1-18x10.webp 18w\" sizes=\"auto, (max-width: 720px) 100vw, 720px\" \/><figcaption class=\"wp-element-caption\">S\u1ea5y h\u1ea1t nho<\/figcaption><\/figure>    <figure class=\"wp-block-image size-large\"><img loading=\"lazy\" decoding=\"async\" width=\"720\" height=\"405\" data-id=\"9385\" src=\"https:\/\/dryingplant.com\/wp-content\/uploads\/2025\/12\/Black-Tea-Drying.webp\" alt=\"S\u1ea5y tr\u00e0 \u0111en\" class=\"wp-image-9385\" title=\"\" srcset=\"https:\/\/dryingplant.com\/wp-content\/uploads\/2025\/12\/Black-Tea-Drying.webp 720w, https:\/\/dryingplant.com\/wp-content\/uploads\/2025\/12\/Black-Tea-Drying-320x180.webp 320w, https:\/\/dryingplant.com\/wp-content\/uploads\/2025\/12\/Black-Tea-Drying-160x90.webp 160w, https:\/\/dryingplant.com\/wp-content\/uploads\/2025\/12\/Black-Tea-Drying-18x10.webp 18w\" sizes=\"auto, (max-width: 720px) 100vw, 720px\" \/><figcaption class=\"wp-element-caption\">S\u1ea5y tr\u00e0 \u0111en<\/figcaption><\/figure>    <figure class=\"wp-block-image size-large\"><img loading=\"lazy\" decoding=\"async\" width=\"720\" height=\"405\" data-id=\"9366\" src=\"https:\/\/dryingplant.com\/wp-content\/uploads\/2025\/12\/f15a6be864474d13b621e170129f97ea.png\" alt=\"S\u1ea5y rau c\u1ee7\" class=\"wp-image-9366\" title=\"\" srcset=\"https:\/\/dryingplant.com\/wp-content\/uploads\/2025\/12\/f15a6be864474d13b621e170129f97ea.png 720w, https:\/\/dryingplant.com\/wp-content\/uploads\/2025\/12\/f15a6be864474d13b621e170129f97ea-320x180.png 320w, https:\/\/dryingplant.com\/wp-content\/uploads\/2025\/12\/f15a6be864474d13b621e170129f97ea-160x90.png 160w, https:\/\/dryingplant.com\/wp-content\/uploads\/2025\/12\/f15a6be864474d13b621e170129f97ea-18x10.png 18w\" sizes=\"auto, (max-width: 720px) 100vw, 720px\" \/><figcaption class=\"wp-element-caption\">S\u1ea5y rau c\u1ee7<\/figcaption><\/figure>    <figure class=\"wp-block-image size-large\"><img loading=\"lazy\" decoding=\"async\" width=\"720\" height=\"405\" data-id=\"9314\" src=\"https:\/\/dryingplant.com\/wp-content\/uploads\/2025\/11\/fa7cd8cc08824932a6d7c060f0e4abf9.webp\" alt=\"S\u1ea5y h\u1ea1t \u0111i\u1ec1u\" class=\"wp-image-9314\" title=\"\" srcset=\"https:\/\/dryingplant.com\/wp-content\/uploads\/2025\/11\/fa7cd8cc08824932a6d7c060f0e4abf9.webp 720w, https:\/\/dryingplant.com\/wp-content\/uploads\/2025\/11\/fa7cd8cc08824932a6d7c060f0e4abf9-320x180.webp 320w, https:\/\/dryingplant.com\/wp-content\/uploads\/2025\/11\/fa7cd8cc08824932a6d7c060f0e4abf9-160x90.webp 160w, https:\/\/dryingplant.com\/wp-content\/uploads\/2025\/11\/fa7cd8cc08824932a6d7c060f0e4abf9-18x10.webp 18w\" sizes=\"auto, (max-width: 720px) 100vw, 720px\" \/><figcaption class=\"wp-element-caption\">S\u1ea5y h\u1ea1t \u0111i\u1ec1u<\/figcaption><\/figure>    <figure class=\"wp-block-image size-large\"><img loading=\"lazy\" decoding=\"async\" width=\"720\" height=\"405\" data-id=\"9284\" src=\"https:\/\/dryingplant.com\/wp-content\/uploads\/2025\/11\/Cocoa-Bean-Belt-Dryer-1.webp\" alt=\"M\u00e1y s\u1ea5y d\u00e2y \u0111\u1eadu cacao\" class=\"wp-image-9284\" title=\"\" srcset=\"https:\/\/dryingplant.com\/wp-content\/uploads\/2025\/11\/Cocoa-Bean-Belt-Dryer-1.webp 720w, https:\/\/dryingplant.com\/wp-content\/uploads\/2025\/11\/Cocoa-Bean-Belt-Dryer-1-320x180.webp 320w, https:\/\/dryingplant.com\/wp-content\/uploads\/2025\/11\/Cocoa-Bean-Belt-Dryer-1-160x90.webp 160w, https:\/\/dryingplant.com\/wp-content\/uploads\/2025\/11\/Cocoa-Bean-Belt-Dryer-1-18x10.webp 18w\" sizes=\"auto, (max-width: 720px) 100vw, 720px\" \/><figcaption class=\"wp-element-caption\">M\u00e1y s\u1ea5y d\u00e2y \u0111\u1eadu cacao<\/figcaption><\/figure> <\/figure>    <h2 class=\"wp-block-heading\"><mark style=\"background-color:rgba(0, 0, 0, 0)\" class=\"has-inline-color has-theme-palette-1-color\">Nh\u1eadn gi\u1ea3i ph\u00e1p s\u1ea5y t\u00f9y ch\u1ec9nh c\u1ee7a b\u1ea1n<\/mark><\/h2>    <p>G\u1eedi cho ch\u00fang t\u00f4i chi ti\u1ebft v\u1eadt li\u1ec7u c\u1ee7a b\u1ea1n, v\u00e0 c\u00e1c k\u1ef9 s\u01b0 c\u1ee7a ch\u00fang t\u00f4i s\u1ebd cung c\u1ea5p:<\/p>    <ul class=\"wp-block-list\"> <li>G\u1ee3i \u00fd m\u00e1y s\u1ea5y ph\u00f9 h\u1ee3p<\/li>    <li>Gi\u1ea3i ph\u00e1p k\u1ef9 thu\u1eadt<\/li>    <li>C\u00f4ng su\u1ea5t \u01b0\u1edbc t\u00ednh v\u00e0 ti\u00eau th\u1ee5 n\u0103ng l\u01b0\u1ee3ng<\/li>    <li>B\u00e1o gi\u00e1<\/li> <\/ul>    <p class=\"translation-block\">\u23f1 <strong>Ch\u00fang t\u00f4i s\u1ebd ph\u1ea3n h\u1ed3i trong v\u00f2ng 24 gi\u1edd.<\/strong><\/p>    <p>\ud83d\udc49 B\u1ea1n c\u00f3 th\u1ec3 li\u00ean h\u1ec7 v\u1edbi ch\u00fang t\u00f4i qua c\u1eeda s\u1ed5 pop-up b\u00ean ph\u1ea3i. Ch\u00fang t\u00f4i s\u1ebd ph\u1ee5c v\u1ee5 b\u1ea1n trong v\u00f2ng 12 gi\u1edd.<\/p>    <p>Ngay c\u1ea3 khi b\u1ea1n kh\u00f4ng quen v\u1edbi \u0111\u1eb7c \u0111i\u1ec3m c\u1ee5 th\u1ec3 c\u1ee7a v\u1eadt li\u1ec7u b\u1ea1n mu\u1ed1n s\u1ea5y, b\u1ea1n v\u1eabn c\u00f3 th\u1ec3 tham kh\u1ea3o \u00fd ki\u1ebfn c\u1ee7a ch\u00fang t\u00f4i; ch\u00fang t\u00f4i r\u1ea5t vui l\u00f2ng cung c\u1ea5p cho b\u1ea1n m\u1ed9t gi\u1ea3i ph\u00e1p s\u1ea5y ph\u00f9 h\u1ee3p. Ch\u00fang t\u00f4i mong nh\u1eadn \u0111\u01b0\u1ee3c ph\u1ea3n h\u1ed3i t\u1eeb b\u1ea1n.<\/p>   <div class=\"wp-block-image\"> <figure class=\"aligncenter size-full\"><img loading=\"lazy\" decoding=\"async\" width=\"720\" height=\"540\" src=\"https:\/\/dryingplant.com\/wp-content\/uploads\/2026\/04\/Shuliys-customers.webp\" alt=\"Kh\u00e1ch h\u00e0ng c\u1ee7a Shuliy\" class=\"wp-image-9543\" title=\"\" srcset=\"https:\/\/dryingplant.com\/wp-content\/uploads\/2026\/04\/Shuliys-customers.webp 720w, https:\/\/dryingplant.com\/wp-content\/uploads\/2026\/04\/Shuliys-customers-240x180.webp 240w, https:\/\/dryingplant.com\/wp-content\/uploads\/2026\/04\/Shuliys-customers-16x12.webp 16w\" sizes=\"auto, (max-width: 720px) 100vw, 720px\" \/><figcaption class=\"wp-element-caption\">Kh\u00e1ch h\u00e0ng c\u1ee7a Shuliy<\/figcaption><\/figure> <\/div>","protected":false},"excerpt":{"rendered":"<p>How to Choose the Right Drying Machine for Your Material Choosing the right drying machine depends on your material, moisture content, and production requirements. At Drying Plant, we provide customized drying solutions for a wide range of materials, including food, agricultural products, wood, chemicals, and more. Different materials require different drying technologies, such as belt&#8230;<\/p>","protected":false},"author":1,"featured_media":0,"parent":0,"menu_order":0,"comment_status":"closed","ping_status":"closed","template":"","meta":{"_kad_blocks_custom_css":"","_kad_blocks_head_custom_js":"","_kad_blocks_body_custom_js":"","_kad_blocks_footer_custom_js":"","_kadence_starter_templates_imported_post":false,"_kad_post_transparent":"","_kad_post_title":"","_kad_post_layout":"","_kad_post_sidebar_id":"","_kad_post_content_style":"","_kad_post_vertical_padding":"","_kad_post_feature":"","_kad_post_feature_position":"","_kad_post_header":false,"_kad_post_footer":false,"_kad_post_classname":"","footnotes":""},"class_list":["post-9526","page","type-page","status-publish","hentry"],"taxonomy_info":[],"featured_image_src_large":false,"author_info":{"display_name":"DryingPlant.Com","author_link":"https:\/\/dryingplant.com\/vi\/author\/drying\/"},"comment_info":0,"_links":{"self":[{"href":"https:\/\/dryingplant.com\/vi\/wp-json\/wp\/v2\/pages\/9526","targetHints":{"allow":["GET"]}}],"collection":[{"href":"https:\/\/dryingplant.com\/vi\/wp-json\/wp\/v2\/pages"}],"about":[{"href":"https:\/\/dryingplant.com\/vi\/wp-json\/wp\/v2\/types\/page"}],"author":[{"embeddable":true,"href":"https:\/\/dryingplant.com\/vi\/wp-json\/wp\/v2\/users\/1"}],"replies":[{"embeddable":true,"href":"https:\/\/dryingplant.com\/vi\/wp-json\/wp\/v2\/comments?post=9526"}],"version-history":[{"count":15,"href":"https:\/\/dryingplant.com\/vi\/wp-json\/wp\/v2\/pages\/9526\/revisions"}],"predecessor-version":[{"id":9544,"href":"https:\/\/dryingplant.com\/vi\/wp-json\/wp\/v2\/pages\/9526\/revisions\/9544"}],"wp:attachment":[{"href":"https:\/\/dryingplant.com\/vi\/wp-json\/wp\/v2\/media?parent=9526"}],"curies":[{"name":"wp","href":"https:\/\/api.w.org\/{rel}","templated":true}]}}