{"id":9526,"date":"2026-04-13T17:54:03","date_gmt":"2026-04-13T09:54:03","guid":{"rendered":"https:\/\/dryingplant.com\/?page_id=9526"},"modified":"2026-04-13T17:54:05","modified_gmt":"2026-04-13T09:54:05","slug":"inquiry-guide","status":"publish","type":"page","link":"https:\/\/dryingplant.com\/sv\/inquiry-guide\/","title":{"rendered":"F\u00f6rfr\u00e5gningsguide"},"content":{"rendered":"<h2 class=\"wp-block-heading\"><mark style=\"background-color:rgba(0, 0, 0, 0)\" class=\"has-inline-color has-theme-palette-1-color\">Hur man v\u00e4ljer r\u00e4tt torkmaskin f\u00f6r ditt material<\/mark><\/h2>    <p>Att v\u00e4lja r\u00e4tt torkmaskin beror p\u00e5 ditt material, fukthalt och produktionskrav.<\/p>    <p class=\"translation-block\">P\u00e5 Torkningsanl\u00e4ggningen erbjuder vi anpassade torkl\u00f6sningar f\u00f6r ett brett utbud av material, inklusive mat, jordbruksprodukter, tr\u00e4, kemikalier och mer. Olika material kr\u00e4ver olika torkteknologier, s\u00e5som<strong><a href=\"https:\/\/dryingplant.com\/sv\/continuous-conveyor-dryer\/\"> b\u00e4ltetorkar,<\/a><\/strong> trumtorkar, <strong><a href=\"https:\/\/dryingplant.com\/sv\/drying-room\/\">torkrum<\/a><\/strong>, eller v\u00e4rmepumpstorkar.<\/p>    <p>\ud83d\udc49 F\u00f6r att rekommendera den mest l\u00e4mpliga l\u00f6sningen beh\u00f6ver vi n\u00e5gra nyckelinformation fr\u00e5n dig innan vi g\u00f6r ett f\u00f6rslag.<\/p>    <figure class=\"wp-block-gallery has-nested-images columns-default is-cropped wp-block-gallery-2 is-layout-flex wp-block-gallery-is-layout-flex\"> <figure class=\"wp-block-image size-large\"><img loading=\"lazy\" decoding=\"async\" width=\"720\" height=\"540\" data-id=\"9473\" src=\"https:\/\/dryingplant.com\/wp-content\/uploads\/2026\/03\/Small-Almond-Drying-Equipment.webp\" alt=\"Liten mandeltorkutrustning\" class=\"wp-image-9473\" title=\"\" srcset=\"https:\/\/dryingplant.com\/wp-content\/uploads\/2026\/03\/Small-Almond-Drying-Equipment.webp 720w, https:\/\/dryingplant.com\/wp-content\/uploads\/2026\/03\/Small-Almond-Drying-Equipment-240x180.webp 240w, https:\/\/dryingplant.com\/wp-content\/uploads\/2026\/03\/Small-Almond-Drying-Equipment-16x12.webp 16w\" sizes=\"auto, (max-width: 720px) 100vw, 720px\" \/><figcaption class=\"wp-element-caption\">Liten mandeltorkutrustning<\/figcaption><\/figure>    <figure class=\"wp-block-image size-large\"><img loading=\"lazy\" decoding=\"async\" width=\"720\" height=\"540\" data-id=\"9497\" src=\"https:\/\/dryingplant.com\/wp-content\/uploads\/2026\/04\/conveyor-type-continuous-mesh-belt-dryer.webp\" alt=\"conveyor type continuous mesh belt dryer\" class=\"wp-image-9497\" title=\"\" srcset=\"https:\/\/dryingplant.com\/wp-content\/uploads\/2026\/04\/conveyor-type-continuous-mesh-belt-dryer.webp 720w, https:\/\/dryingplant.com\/wp-content\/uploads\/2026\/04\/conveyor-type-continuous-mesh-belt-dryer-240x180.webp 240w, https:\/\/dryingplant.com\/wp-content\/uploads\/2026\/04\/conveyor-type-continuous-mesh-belt-dryer-16x12.webp 16w\" sizes=\"auto, (max-width: 720px) 100vw, 720px\" \/><figcaption class=\"wp-element-caption\">Konvektions typ Kontinuerlig Mesh-bands Torkare<\/figcaption><\/figure>    <figure class=\"wp-block-image size-large\"><img loading=\"lazy\" decoding=\"async\" width=\"720\" height=\"540\" data-id=\"8863\" src=\"https:\/\/dryingplant.com\/wp-content\/uploads\/2024\/04\/The-price-of-a-mobile-grain-dryer.webp\" alt=\"Priset p\u00e5 en Mobil Spannm\u00e5ls Tork\" class=\"wp-image-8863\" title=\"\" srcset=\"https:\/\/dryingplant.com\/wp-content\/uploads\/2024\/04\/The-price-of-a-mobile-grain-dryer.webp 720w, https:\/\/dryingplant.com\/wp-content\/uploads\/2024\/04\/The-price-of-a-mobile-grain-dryer-240x180.webp 240w, https:\/\/dryingplant.com\/wp-content\/uploads\/2024\/04\/The-price-of-a-mobile-grain-dryer-16x12.webp 16w\" sizes=\"auto, (max-width: 720px) 100vw, 720px\" \/><figcaption class=\"wp-element-caption\">Priset f\u00f6r en mobil spannm\u00e5ls-torkare<\/figcaption><\/figure>    <figure class=\"wp-block-image size-large\"><img loading=\"lazy\" decoding=\"async\" width=\"720\" height=\"540\" data-id=\"8801\" src=\"https:\/\/dryingplant.com\/wp-content\/uploads\/2021\/03\/Price-of-Microwave-Drying-Machine.webp\" alt=\"Pris p\u00e5 Mikrov\u00e5gsfuktningsmaskin\" class=\"wp-image-8801\" title=\"\" srcset=\"https:\/\/dryingplant.com\/wp-content\/uploads\/2021\/03\/Price-of-Microwave-Drying-Machine.webp 720w, https:\/\/dryingplant.com\/wp-content\/uploads\/2021\/03\/Price-of-Microwave-Drying-Machine-240x180.webp 240w, https:\/\/dryingplant.com\/wp-content\/uploads\/2021\/03\/Price-of-Microwave-Drying-Machine-16x12.webp 16w\" sizes=\"auto, (max-width: 720px) 100vw, 720px\" \/><figcaption class=\"wp-element-caption\">Pris f\u00f6r mikrov\u00e5gstorkmaskin<\/figcaption><\/figure>    <figure class=\"wp-block-image size-large\"><img loading=\"lazy\" decoding=\"async\" width=\"720\" height=\"540\" data-id=\"5869\" src=\"https:\/\/dryingplant.com\/wp-content\/uploads\/2023\/03\/inner-structure-of-sawdust-drying-equipment.webp\" alt=\"inner structure of sawdust drying equipment\" class=\"wp-image-5869\" title=\"\"><figcaption class=\"wp-element-caption\">Inre struktur av s\u00e5gsp\u00e5ns torkutrustning<\/figcaption><\/figure> <\/figure>    <h2 class=\"wp-block-heading\"><mark style=\"background-color:rgba(0, 0, 0, 0)\" class=\"has-inline-color has-theme-palette-1-color\">Vilken information b\u00f6r du tillhandah\u00e5lla?<\/mark><\/h2>    <p>F\u00f6r att hj\u00e4lpa oss att utforma den b\u00e4sta torkl\u00f6sningen f\u00f6r dig, v\u00e4nligen tillhandah\u00e5ll f\u00f6ljande detaljer:<\/p>    <h3 class=\"wp-block-heading\">1. Materialinformation<\/h3>    <ul class=\"wp-block-list\"> <li>Vad \u00e4r ditt materialnamn?<\/li>    <li>\u00c4r det fast, pulver, pasta eller v\u00e4tska?<\/li>    <li>Vad \u00e4r storleken eller formen (skiva, granulat, hel, etc.)?<\/li>    <li>V\u00e4nligen tillhandah\u00e5ll <strong><mark style=\"background-color:rgba(0, 0, 0, 0)\" class=\"has-inline-color has-theme-palette-1-color\">Klara bilder av r\u00e5materialet<\/mark><\/strong><\/li> <\/ul>    <p>\ud83d\udc49 Olika material kr\u00e4ver helt olika torkmetoder.<\/p>    <figure class=\"wp-block-gallery has-nested-images columns-default is-cropped wp-block-gallery-3 is-layout-flex wp-block-gallery-is-layout-flex\"> <figure class=\"wp-block-image size-large\"><img loading=\"lazy\" decoding=\"async\" width=\"720\" height=\"540\" data-id=\"9268\" src=\"https:\/\/dryingplant.com\/wp-content\/uploads\/2025\/10\/Mixed-Dried-Fruit.webp\" alt=\"Blandad torkad frukt\" class=\"wp-image-9268\" title=\"\" srcset=\"https:\/\/dryingplant.com\/wp-content\/uploads\/2025\/10\/Mixed-Dried-Fruit.webp 720w, https:\/\/dryingplant.com\/wp-content\/uploads\/2025\/10\/Mixed-Dried-Fruit-240x180.webp 240w, https:\/\/dryingplant.com\/wp-content\/uploads\/2025\/10\/Mixed-Dried-Fruit-16x12.webp 16w\" sizes=\"auto, (max-width: 720px) 100vw, 720px\" \/><figcaption class=\"wp-element-caption\">Blandad torkad frukt<\/figcaption><\/figure>    <figure class=\"wp-block-image size-large\"><img loading=\"lazy\" decoding=\"async\" width=\"720\" height=\"540\" data-id=\"9227\" src=\"https:\/\/dryingplant.com\/wp-content\/uploads\/2025\/10\/A-bountiful-mango-harvest.webp\" alt=\"\" class=\"wp-image-9227\" title=\"\" srcset=\"https:\/\/dryingplant.com\/wp-content\/uploads\/2025\/10\/A-bountiful-mango-harvest.webp 720w, https:\/\/dryingplant.com\/wp-content\/uploads\/2025\/10\/A-bountiful-mango-harvest-240x180.webp 240w, https:\/\/dryingplant.com\/wp-content\/uploads\/2025\/10\/A-bountiful-mango-harvest-16x12.webp 16w\" sizes=\"auto, (max-width: 720px) 100vw, 720px\" \/><\/figure>    <figure class=\"wp-block-image size-large\"><img loading=\"lazy\" decoding=\"async\" width=\"720\" height=\"540\" data-id=\"9216\" src=\"https:\/\/dryingplant.com\/wp-content\/uploads\/2025\/10\/Place-the-prepared-fish-fillets-evenly-on-the-drying-trays.webp\" alt=\"Placera de f\u00f6rberedda fiskfil\u00e9erna j\u00e4mnt p\u00e5 torkningsbrickorna\" class=\"wp-image-9216\" title=\"\" srcset=\"https:\/\/dryingplant.com\/wp-content\/uploads\/2025\/10\/Place-the-prepared-fish-fillets-evenly-on-the-drying-trays.webp 720w, https:\/\/dryingplant.com\/wp-content\/uploads\/2025\/10\/Place-the-prepared-fish-fillets-evenly-on-the-drying-trays-240x180.webp 240w, https:\/\/dryingplant.com\/wp-content\/uploads\/2025\/10\/Place-the-prepared-fish-fillets-evenly-on-the-drying-trays-16x12.webp 16w\" sizes=\"auto, (max-width: 720px) 100vw, 720px\" \/><figcaption class=\"wp-element-caption\">Placera de f\u00f6rberedda fiskfil\u00e9erna j\u00e4mnt p\u00e5 torkningsbrickorna<\/figcaption><\/figure>    <figure class=\"wp-block-image size-large\"><img loading=\"lazy\" decoding=\"async\" width=\"720\" height=\"540\" data-id=\"9393\" src=\"https:\/\/dryingplant.com\/wp-content\/uploads\/2026\/01\/Grape-seed.webp\" alt=\"Grapefr\u00f6\" class=\"wp-image-9393\" title=\"\" srcset=\"https:\/\/dryingplant.com\/wp-content\/uploads\/2026\/01\/Grape-seed.webp 720w, https:\/\/dryingplant.com\/wp-content\/uploads\/2026\/01\/Grape-seed-240x180.webp 240w, https:\/\/dryingplant.com\/wp-content\/uploads\/2026\/01\/Grape-seed-16x12.webp 16w\" sizes=\"auto, (max-width: 720px) 100vw, 720px\" \/><figcaption class=\"wp-element-caption\">Druvfr\u00f6<\/figcaption><\/figure>    <figure class=\"wp-block-image size-large\"><img loading=\"lazy\" decoding=\"async\" width=\"720\" height=\"540\" data-id=\"9458\" src=\"https:\/\/dryingplant.com\/wp-content\/uploads\/2026\/03\/Almond.webp\" alt=\"Mandel\" class=\"wp-image-9458\" title=\"\" srcset=\"https:\/\/dryingplant.com\/wp-content\/uploads\/2026\/03\/Almond.webp 720w, https:\/\/dryingplant.com\/wp-content\/uploads\/2026\/03\/Almond-240x180.webp 240w, https:\/\/dryingplant.com\/wp-content\/uploads\/2026\/03\/Almond-16x12.webp 16w\" sizes=\"auto, (max-width: 720px) 100vw, 720px\" \/><\/figure>    <figure class=\"wp-block-image size-large\"><img loading=\"lazy\" decoding=\"async\" width=\"720\" height=\"540\" data-id=\"9310\" src=\"https:\/\/dryingplant.com\/wp-content\/uploads\/2025\/11\/cashew-nut_.webp\" alt=\"cashewn\u00f6t\" class=\"wp-image-9310\" title=\"\" srcset=\"https:\/\/dryingplant.com\/wp-content\/uploads\/2025\/11\/cashew-nut_.webp 720w, https:\/\/dryingplant.com\/wp-content\/uploads\/2025\/11\/cashew-nut_-240x180.webp 240w, https:\/\/dryingplant.com\/wp-content\/uploads\/2025\/11\/cashew-nut_-16x12.webp 16w\" sizes=\"auto, (max-width: 720px) 100vw, 720px\" \/><figcaption class=\"wp-element-caption\">Cashewn\u00f6t<\/figcaption><\/figure> <\/figure>    <h3 class=\"wp-block-heading\">2. Fuktinneh\u00e5ll (Mycket viktigt)<\/h3>    <ul class=\"wp-block-list\"> <li>Initial fukthalt (%)<\/li>    <li>Slutligt krav p\u00e5 fukt (%)<\/li> <\/ul>    <p>\ud83d\udc49 Detta avg\u00f6r torktemperatur, torktid och maskintyp.<\/p>    <h3 class=\"wp-block-heading\">3. Kapacitetskrav<\/h3>    <ul class=\"wp-block-list\"> <li>Hur mycket material vill du bearbeta? (kg\/h eller ton\/dag)<\/li> <\/ul>    <p class=\"translation-block\">\ud83d\udc49 Detta hj\u00e4lper oss att avg\u00f6ra om du beh\u00f6ver en <strong>partibaserad torkare eller en kontinuerlig torkare<\/strong>.<\/p>    <h3 class=\"wp-block-heading\">4. V\u00e4rmek\u00e4lla preferens<\/h3>    <ul class=\"wp-block-list\"> <li>El<\/li>    <li>Gas<\/li>    <li>\u00c5nga<\/li>    <li>Biomassa<\/li>    <li>V\u00e4rmepump<\/li> <\/ul>    <p>\ud83d\udc49 Vi kan designa maskiner baserat p\u00e5 din tillg\u00e4ngliga energik\u00e4lla.<\/p>   <div class=\"wp-block-image\"> <figure class=\"aligncenter size-full\"><img loading=\"lazy\" decoding=\"async\" width=\"720\" height=\"540\" src=\"https:\/\/dryingplant.com\/wp-content\/uploads\/2026\/04\/hot-air-continuous-mesh-belt-dryer.webp\" alt=\"Varm luft kontinuerlig mesh-bands torkare\" class=\"wp-image-9500\" title=\"\" srcset=\"https:\/\/dryingplant.com\/wp-content\/uploads\/2026\/04\/hot-air-continuous-mesh-belt-dryer.webp 720w, https:\/\/dryingplant.com\/wp-content\/uploads\/2026\/04\/hot-air-continuous-mesh-belt-dryer-240x180.webp 240w, https:\/\/dryingplant.com\/wp-content\/uploads\/2026\/04\/hot-air-continuous-mesh-belt-dryer-16x12.webp 16w\" sizes=\"auto, (max-width: 720px) 100vw, 720px\" \/><figcaption class=\"wp-element-caption\">Varm luft kontinuerlig mesh-bands torkare<\/figcaption><\/figure> <\/div>   <h3 class=\"wp-block-heading\">5. Slutproduktkrav<\/h3>    <ul class=\"wp-block-list\"> <li>Slutlig form (pulver, skiva, granulat, etc.)<\/li>    <li>Kvalitetskrav (f\u00e4rg, smak, n\u00e4ring, etc.)<\/li>    <li>\u00c4r det f\u00f6r livsmedelsbearbetning eller industriellt bruk?<\/li> <\/ul>    <h3 class=\"wp-block-heading\">6. Lokala f\u00f6rh\u00e5llanden (Valfritt men till hj\u00e4lp)<\/h3>    <ul class=\"wp-block-list\"> <li>Sp\u00e4nning och frekvens<\/li>    <li>Tillg\u00e4ngligt installationsutrymme<\/li>    <li>Lokala klimatf\u00f6rh\u00e5llanden<\/li> <\/ul>    <p>\ud83d\udc49 Detta hj\u00e4lper till att s\u00e4kerst\u00e4lla att maskinen passar din fabriks milj\u00f6.<\/p>    <h2 class=\"wp-block-heading\">Till\u00e4mpningsexempel<\/h2>    <p>Vi har framg\u00e5ngsrikt tillhandah\u00e5llit torkl\u00f6sningar f\u00f6r olika material, s\u00e5som:<\/p>    <ul class=\"wp-block-list\"> <li>Frukt och gr\u00f6nsaker (chili, vitl\u00f6k, l\u00f6k, mango)<\/li>    <li>Fisk- och k\u00f6ttprodukter<\/li>    <li>Tr\u00e4flis och s\u00e5gsp\u00e5n<\/li>    <li>Herbala och jordbruksprodukter<\/li> <\/ul>    <p>Du kan skicka oss dina materialbilder, och vi kommer att rekommendera en liknande l\u00f6sning.<\/p>    <figure class=\"wp-block-gallery has-nested-images columns-default is-cropped wp-block-gallery-4 is-layout-flex wp-block-gallery-is-layout-flex\"> <figure class=\"wp-block-image size-large\"><img loading=\"lazy\" decoding=\"async\" width=\"720\" height=\"405\" data-id=\"9457\" src=\"https:\/\/dryingplant.com\/wp-content\/uploads\/2026\/03\/Almond-Drying.webp\" alt=\"Mandel torkning\" class=\"wp-image-9457\" title=\"\" srcset=\"https:\/\/dryingplant.com\/wp-content\/uploads\/2026\/03\/Almond-Drying.webp 720w, https:\/\/dryingplant.com\/wp-content\/uploads\/2026\/03\/Almond-Drying-320x180.webp 320w, https:\/\/dryingplant.com\/wp-content\/uploads\/2026\/03\/Almond-Drying-160x90.webp 160w, https:\/\/dryingplant.com\/wp-content\/uploads\/2026\/03\/Almond-Drying-18x10.webp 18w\" sizes=\"auto, (max-width: 720px) 100vw, 720px\" \/><figcaption class=\"wp-element-caption\">Mandel torkning<\/figcaption><\/figure>    <figure class=\"wp-block-image size-large\"><img loading=\"lazy\" decoding=\"async\" width=\"720\" height=\"405\" data-id=\"9399\" src=\"https:\/\/dryingplant.com\/wp-content\/uploads\/2026\/01\/\u672a\u6807\u9898-1.webp\" alt=\"Torkning av druvfr\u00f6\" class=\"wp-image-9399\" title=\"\" srcset=\"https:\/\/dryingplant.com\/wp-content\/uploads\/2026\/01\/\u672a\u6807\u9898-1.webp 720w, https:\/\/dryingplant.com\/wp-content\/uploads\/2026\/01\/\u672a\u6807\u9898-1-320x180.webp 320w, https:\/\/dryingplant.com\/wp-content\/uploads\/2026\/01\/\u672a\u6807\u9898-1-160x90.webp 160w, https:\/\/dryingplant.com\/wp-content\/uploads\/2026\/01\/\u672a\u6807\u9898-1-18x10.webp 18w\" sizes=\"auto, (max-width: 720px) 100vw, 720px\" \/><figcaption class=\"wp-element-caption\">Torkning av druvfr\u00f6<\/figcaption><\/figure>    <figure class=\"wp-block-image size-large\"><img loading=\"lazy\" decoding=\"async\" width=\"720\" height=\"405\" data-id=\"9385\" src=\"https:\/\/dryingplant.com\/wp-content\/uploads\/2025\/12\/Black-Tea-Drying.webp\" alt=\"Svart te-torkning\" class=\"wp-image-9385\" title=\"\" srcset=\"https:\/\/dryingplant.com\/wp-content\/uploads\/2025\/12\/Black-Tea-Drying.webp 720w, https:\/\/dryingplant.com\/wp-content\/uploads\/2025\/12\/Black-Tea-Drying-320x180.webp 320w, https:\/\/dryingplant.com\/wp-content\/uploads\/2025\/12\/Black-Tea-Drying-160x90.webp 160w, https:\/\/dryingplant.com\/wp-content\/uploads\/2025\/12\/Black-Tea-Drying-18x10.webp 18w\" sizes=\"auto, (max-width: 720px) 100vw, 720px\" \/><figcaption class=\"wp-element-caption\">Svart te-torkning<\/figcaption><\/figure>    <figure class=\"wp-block-image size-large\"><img loading=\"lazy\" decoding=\"async\" width=\"720\" height=\"405\" data-id=\"9366\" src=\"https:\/\/dryingplant.com\/wp-content\/uploads\/2025\/12\/f15a6be864474d13b621e170129f97ea.png\" alt=\"Gr\u00f6nsaks torkning\" class=\"wp-image-9366\" title=\"\" srcset=\"https:\/\/dryingplant.com\/wp-content\/uploads\/2025\/12\/f15a6be864474d13b621e170129f97ea.png 720w, https:\/\/dryingplant.com\/wp-content\/uploads\/2025\/12\/f15a6be864474d13b621e170129f97ea-320x180.png 320w, https:\/\/dryingplant.com\/wp-content\/uploads\/2025\/12\/f15a6be864474d13b621e170129f97ea-160x90.png 160w, https:\/\/dryingplant.com\/wp-content\/uploads\/2025\/12\/f15a6be864474d13b621e170129f97ea-18x10.png 18w\" sizes=\"auto, (max-width: 720px) 100vw, 720px\" \/><figcaption class=\"wp-element-caption\">Gr\u00f6nsaks torkning<\/figcaption><\/figure>    <figure class=\"wp-block-image size-large\"><img loading=\"lazy\" decoding=\"async\" width=\"720\" height=\"405\" data-id=\"9314\" src=\"https:\/\/dryingplant.com\/wp-content\/uploads\/2025\/11\/fa7cd8cc08824932a6d7c060f0e4abf9.webp\" alt=\"Cashewtorkning\" class=\"wp-image-9314\" title=\"\" srcset=\"https:\/\/dryingplant.com\/wp-content\/uploads\/2025\/11\/fa7cd8cc08824932a6d7c060f0e4abf9.webp 720w, https:\/\/dryingplant.com\/wp-content\/uploads\/2025\/11\/fa7cd8cc08824932a6d7c060f0e4abf9-320x180.webp 320w, https:\/\/dryingplant.com\/wp-content\/uploads\/2025\/11\/fa7cd8cc08824932a6d7c060f0e4abf9-160x90.webp 160w, https:\/\/dryingplant.com\/wp-content\/uploads\/2025\/11\/fa7cd8cc08824932a6d7c060f0e4abf9-18x10.webp 18w\" sizes=\"auto, (max-width: 720px) 100vw, 720px\" \/><figcaption class=\"wp-element-caption\">Cashewtorkning<\/figcaption><\/figure>    <figure class=\"wp-block-image size-large\"><img loading=\"lazy\" decoding=\"async\" width=\"720\" height=\"405\" data-id=\"9284\" src=\"https:\/\/dryingplant.com\/wp-content\/uploads\/2025\/11\/Cocoa-Bean-Belt-Dryer-1.webp\" alt=\"Kakaob\u00f6nsbandtork\" class=\"wp-image-9284\" title=\"\" srcset=\"https:\/\/dryingplant.com\/wp-content\/uploads\/2025\/11\/Cocoa-Bean-Belt-Dryer-1.webp 720w, https:\/\/dryingplant.com\/wp-content\/uploads\/2025\/11\/Cocoa-Bean-Belt-Dryer-1-320x180.webp 320w, https:\/\/dryingplant.com\/wp-content\/uploads\/2025\/11\/Cocoa-Bean-Belt-Dryer-1-160x90.webp 160w, https:\/\/dryingplant.com\/wp-content\/uploads\/2025\/11\/Cocoa-Bean-Belt-Dryer-1-18x10.webp 18w\" sizes=\"auto, (max-width: 720px) 100vw, 720px\" \/><figcaption class=\"wp-element-caption\">Kakaob\u00f6nsbandtork<\/figcaption><\/figure> <\/figure>    <h2 class=\"wp-block-heading\"><mark style=\"background-color:rgba(0, 0, 0, 0)\" class=\"has-inline-color has-theme-palette-1-color\">F\u00e5 din anpassade torkl\u00f6sning<\/mark><\/h2>    <p>Skicka oss dina materialdetaljer, och v\u00e5ra ingenj\u00f6rer kommer att tillhandah\u00e5lla:<\/p>    <ul class=\"wp-block-list\"> <li>L\u00e4mplig torkmaskin rekommendation<\/li>    <li>Teknisk l\u00f6sning<\/li>    <li>Uppskattad kapacitet och energif\u00f6rbrukning<\/li>    <li>Offert<\/li> <\/ul>    <p class=\"translation-block\">\u23f1 <strong>Vi svarar inom 24 timmar.<\/strong><\/p>    <p>\ud83d\udc49 Du kan kontakta oss via popup-f\u00f6nstret till h\u00f6ger. Vi finns tillg\u00e4ngliga inom 12 timmar.<\/p>    <p>\u00c4ven om du \u00e4r okunnig om de specifika egenskaperna hos de material du vill torka, \u00e4r du v\u00e4lkommen att r\u00e5dfr\u00e5ga oss; vi hj\u00e4lper g\u00e4rna till att ge dig en skr\u00e4ddarsydd torkl\u00f6sning. Vi ser fram emot att h\u00f6ra fr\u00e5n dig.<\/p>   <div class=\"wp-block-image\"> <figure class=\"aligncenter size-full\"><img loading=\"lazy\" decoding=\"async\" width=\"720\" height=\"540\" src=\"https:\/\/dryingplant.com\/wp-content\/uploads\/2026\/04\/Shuliys-customers.webp\" alt=\"Shuliy\u2019s kunder\" class=\"wp-image-9543\" title=\"\" srcset=\"https:\/\/dryingplant.com\/wp-content\/uploads\/2026\/04\/Shuliys-customers.webp 720w, https:\/\/dryingplant.com\/wp-content\/uploads\/2026\/04\/Shuliys-customers-240x180.webp 240w, https:\/\/dryingplant.com\/wp-content\/uploads\/2026\/04\/Shuliys-customers-16x12.webp 16w\" sizes=\"auto, (max-width: 720px) 100vw, 720px\" \/><figcaption class=\"wp-element-caption\">Shuliy\u2019s kunder<\/figcaption><\/figure> <\/div>","protected":false},"excerpt":{"rendered":"<p>How to Choose the Right Drying Machine for Your Material Choosing the right drying machine depends on your material, moisture content, and production requirements. At Drying Plant, we provide customized drying solutions for a wide range of materials, including food, agricultural products, wood, chemicals, and more. Different materials require different drying technologies, such as belt&#8230;<\/p>","protected":false},"author":1,"featured_media":0,"parent":0,"menu_order":0,"comment_status":"closed","ping_status":"closed","template":"","meta":{"_kad_blocks_custom_css":"","_kad_blocks_head_custom_js":"","_kad_blocks_body_custom_js":"","_kad_blocks_footer_custom_js":"","_kadence_starter_templates_imported_post":false,"_kad_post_transparent":"","_kad_post_title":"","_kad_post_layout":"","_kad_post_sidebar_id":"","_kad_post_content_style":"","_kad_post_vertical_padding":"","_kad_post_feature":"","_kad_post_feature_position":"","_kad_post_header":false,"_kad_post_footer":false,"_kad_post_classname":"","footnotes":""},"class_list":["post-9526","page","type-page","status-publish","hentry"],"taxonomy_info":[],"featured_image_src_large":false,"author_info":{"display_name":"DryingPlant.Com","author_link":"https:\/\/dryingplant.com\/sv\/author\/drying\/"},"comment_info":0,"_links":{"self":[{"href":"https:\/\/dryingplant.com\/sv\/wp-json\/wp\/v2\/pages\/9526","targetHints":{"allow":["GET"]}}],"collection":[{"href":"https:\/\/dryingplant.com\/sv\/wp-json\/wp\/v2\/pages"}],"about":[{"href":"https:\/\/dryingplant.com\/sv\/wp-json\/wp\/v2\/types\/page"}],"author":[{"embeddable":true,"href":"https:\/\/dryingplant.com\/sv\/wp-json\/wp\/v2\/users\/1"}],"replies":[{"embeddable":true,"href":"https:\/\/dryingplant.com\/sv\/wp-json\/wp\/v2\/comments?post=9526"}],"version-history":[{"count":15,"href":"https:\/\/dryingplant.com\/sv\/wp-json\/wp\/v2\/pages\/9526\/revisions"}],"predecessor-version":[{"id":9544,"href":"https:\/\/dryingplant.com\/sv\/wp-json\/wp\/v2\/pages\/9526\/revisions\/9544"}],"wp:attachment":[{"href":"https:\/\/dryingplant.com\/sv\/wp-json\/wp\/v2\/media?parent=9526"}],"curies":[{"name":"wp","href":"https:\/\/api.w.org\/{rel}","templated":true}]}}