{"id":369,"date":"2020-05-21T20:26:34","date_gmt":"2020-05-21T20:26:34","guid":{"rendered":"https:\/\/demos.kadencewp.com\/blocks-saas\/?page_id=369"},"modified":"2024-05-29T17:14:23","modified_gmt":"2024-05-29T09:14:23","slug":"contact","status":"publish","type":"page","link":"https:\/\/dryingplant.com\/pt\/contact\/","title":{"rendered":"Contato"},"content":{"rendered":"<style>.kb-row-layout-id369_cb9465-35 > .kt-row-column-wrap{align-content:center;}:where(.kb-row-layout-id369_cb9465-35 > .kt-row-column-wrap) > .wp-block-kadence-column{justify-content:center;}.kb-row-layout-id369_cb9465-35 > .kt-row-column-wrap{column-gap:var(--global-kb-gap-md, 2rem);row-gap:var(--global-kb-gap-md, 2rem);padding-top:80px;padding-right:25px;padding-bottom:110px;padding-left:25px;min-height:500px;grid-template-columns:minmax(0, 1fr);}.kb-row-layout-id369_cb9465-35{background-image:url('https:\/\/dryingplant.com\/wp-content\/uploads\/2021\/03\/Group-photo-with-customers.jpg');background-size:contain;background-position:center center;background-attachment:scroll;background-repeat:repeat;}.kb-row-layout-id369_cb9465-35 > .kt-row-layout-overlay{opacity:0.90;background:linear-gradient(90deg, var(--global-palette1) 12%, var(--global-palette2) 100%);}.kb-row-layout-id369_cb9465-35 .kt-row-layout-bottom-sep{height:60px;}.kb-row-layout-id369_cb9465-35 .kt-row-layout-bottom-sep svg{width:100%;}.kb-row-layout-id369_cb9465-35 .kt-row-layout-bottom-sep svg{fill:#ff9300!important;}@media all and (max-width: 1024px){.kb-row-layout-id369_cb9465-35 > .kt-row-column-wrap{grid-template-columns:minmax(0, 1fr);}}@media all and (max-width: 1024px){.kb-row-layout-id369_cb9465-35 .kt-row-layout-bottom-sep{height:px;}}@media all and (max-width: 1024px){.kb-row-layout-id369_cb9465-35 .kt-row-layout-bottom-sep svg{width:%;}}@media all and (max-width: 767px){.kb-row-layout-id369_cb9465-35 > .kt-row-column-wrap{grid-template-columns:minmax(0, 1fr);}.kb-row-layout-id369_cb9465-35 .kt-row-layout-bottom-sep{height:px;}.kb-row-layout-id369_cb9465-35 .kt-row-layout-bottom-sep svg{width:%;}}<\/style><div class=\"kb-row-layout-wrap kb-row-layout-id369_cb9465-35 alignnone kt-row-has-bg wp-block-kadence-rowlayout\"><div class=\"kt-row-layout-overlay kt-row-overlay-gradient\"><\/div><div class=\"kt-row-layout-bottom-sep kt-row-sep-type-ctdi\"><svg viewBox=\"0 0 1000 100\" preserveAspectRatio=\"none\"><path d=\"M500,2l500,78l0,20l-1000,0l0,-20l500,-78Z\" style=\"opacity: 0.4\" \/><path d=\"M500,2l500,98l-1000,0l500,-98Z\" \/><\/svg><\/div><div class=\"kt-row-column-wrap kt-has-1-columns kt-row-layout-equal kt-tab-layout-inherit kt-mobile-layout-row kt-row-valign-middle\">\n<style>.kadence-column369_79f5ab-11 > .kt-inside-inner-col,.kadence-column369_79f5ab-11 > .kt-inside-inner-col:before{border-top-left-radius:0px;border-top-right-radius:0px;border-bottom-right-radius:0px;border-bottom-left-radius:0px;}.kadence-column369_79f5ab-11 > .kt-inside-inner-col{column-gap:var(--global-kb-gap-sm, 1rem);}.kadence-column369_79f5ab-11 > .kt-inside-inner-col{flex-direction:column;}.kadence-column369_79f5ab-11 > .kt-inside-inner-col > .aligncenter{width:100%;}.kadence-column369_79f5ab-11 > .kt-inside-inner-col:before{opacity:0.3;}.kadence-column369_79f5ab-11{position:relative;}@media all and (max-width: 1024px){.kadence-column369_79f5ab-11 > .kt-inside-inner-col{flex-direction:column;justify-content:center;}}@media all and (max-width: 767px){.kadence-column369_79f5ab-11 > .kt-inside-inner-col{flex-direction:column;justify-content:center;}}<\/style>\n<div class=\"wp-block-kadence-column kadence-column369_79f5ab-11 inner-column-1\"><div class=\"kt-inside-inner-col\"><style>.wp-block-kadence-advancedheading.kt-adv-heading369_595be8-23, .wp-block-kadence-advancedheading.kt-adv-heading369_595be8-23[data-kb-block=\"kb-adv-heading369_595be8-23\"]{text-align:center;font-size:60px;font-style:normal;color:#ffffff;text-shadow:1px 1px 1px rgba(0, 0, 0, 0.2);}.wp-block-kadence-advancedheading.kt-adv-heading369_595be8-23 mark.kt-highlight, .wp-block-kadence-advancedheading.kt-adv-heading369_595be8-23[data-kb-block=\"kb-adv-heading369_595be8-23\"] mark.kt-highlight{font-style:normal;color:#f76a0c;-webkit-box-decoration-break:clone;box-decoration-break:clone;padding-top:0px;padding-right:0px;padding-bottom:0px;padding-left:0px;}.wp-block-kadence-advancedheading.kt-adv-heading369_595be8-23 img.kb-inline-image, .wp-block-kadence-advancedheading.kt-adv-heading369_595be8-23[data-kb-block=\"kb-adv-heading369_595be8-23\"] img.kb-inline-image{width:150px;vertical-align:baseline;}@media all and (max-width: 1024px){.wp-block-kadence-advancedheading.kt-adv-heading369_595be8-23, .wp-block-kadence-advancedheading.kt-adv-heading369_595be8-23[data-kb-block=\"kb-adv-heading369_595be8-23\"]{text-shadow:1px 1px 1px rgba(0, 0, 0, 0.2);}}@media all and (max-width: 767px){.wp-block-kadence-advancedheading.kt-adv-heading369_595be8-23, .wp-block-kadence-advancedheading.kt-adv-heading369_595be8-23[data-kb-block=\"kb-adv-heading369_595be8-23\"]{text-shadow:1px 1px 1px rgba(0, 0, 0, 0.2);}}<\/style>\n<h1 class=\"kt-adv-heading369_595be8-23 wp-block-kadence-advancedheading\" data-kb-block=\"kb-adv-heading369_595be8-23\">Contact<\/h1>\n<\/div><\/div>\n\n<\/div><\/div>\n\n<style>.kb-row-layout-wrap.wp-block-kadence-rowlayout.kb-row-layout-id369_0ec0cd-9b{margin-top:-60px;}.kb-row-layout-id369_0ec0cd-9b > .kt-row-column-wrap{align-content:start;}:where(.kb-row-layout-id369_0ec0cd-9b > .kt-row-column-wrap) > .wp-block-kadence-column{justify-content:start;}.kb-row-layout-id369_0ec0cd-9b > .kt-row-column-wrap{column-gap:40px;row-gap:var(--global-kb-gap-md, 2rem);max-width:943px;margin-left:auto;margin-right:auto;padding-top:60px;padding-right:25px;padding-bottom:80px;padding-left:25px;grid-template-columns:minmax(0, 2fr) minmax(0, 1fr);}.kb-row-layout-id369_0ec0cd-9b > .kt-row-layout-overlay{opacity:0.30;}@media all and (max-width: 1024px){.kb-row-layout-id369_0ec0cd-9b > .kt-row-column-wrap{grid-template-columns:minmax(0, 2fr) minmax(0, 1fr);}}@media all and (max-width: 767px){.kb-row-layout-id369_0ec0cd-9b > .kt-row-column-wrap{grid-template-columns:minmax(0, 1fr);}}<\/style><div class=\"kb-row-layout-wrap kb-row-layout-id369_0ec0cd-9b alignnone wp-block-kadence-rowlayout\"><div class=\"kt-row-column-wrap kt-has-2-columns kt-row-layout-left-golden kt-tab-layout-inherit kt-mobile-layout-row kt-row-valign-top\">\n<style>.kadence-column369_0b82d0-b3 > .kt-inside-inner-col{display:flex;}.kadence-column369_0b82d0-b3 > .kt-inside-inner-col{padding-top:30px;padding-right:30px;padding-bottom:30px;padding-left:30px;}.kadence-column369_0b82d0-b3 > .kt-inside-inner-col{box-shadow:0px 0px 30px 0px rgba(0, 0, 0, 0.08);}.kadence-column369_0b82d0-b3 > .kt-inside-inner-col,.kadence-column369_0b82d0-b3 > .kt-inside-inner-col:before{border-top-left-radius:10px;border-top-right-radius:10px;border-bottom-right-radius:10px;border-bottom-left-radius:10px;}.kadence-column369_0b82d0-b3 > .kt-inside-inner-col{column-gap:var(--global-kb-gap-sm, 1rem);}.kadence-column369_0b82d0-b3 > .kt-inside-inner-col{flex-direction:column;}.kadence-column369_0b82d0-b3 > .kt-inside-inner-col > .aligncenter{width:100%;}.kadence-column369_0b82d0-b3 > .kt-inside-inner-col{background-color:var(--global-palette9, #ffffff);}.kadence-column369_0b82d0-b3 > .kt-inside-inner-col:before{opacity:0.3;}.kadence-column369_0b82d0-b3{position:relative;}.kadence-column369_0b82d0-b3, .kt-inside-inner-col > .kadence-column369_0b82d0-b3:not(.specificity){margin-top:-200px;}@media all and (max-width: 1024px){.kadence-column369_0b82d0-b3 > .kt-inside-inner-col{flex-direction:column;justify-content:center;}}@media all and (max-width: 767px){.kadence-column369_0b82d0-b3 > .kt-inside-inner-col{flex-direction:column;justify-content:center;}}<\/style>\n<div class=\"wp-block-kadence-column kadence-column369_0b82d0-b3\"><div class=\"kt-inside-inner-col\"><style>.kb-google-maps-container369_4952e7-3d{height:450px;}<\/style><div class=\"kb-google-maps-container kb-google-maps-container369_4952e7-3d  wp-block-kadence-googlemaps\" data-mapid=\"369_4952e73d\"><iframe width=\"100%\" height=\"100%\"\n\t\t\t\t\t\t\tstyle=\"border:0\" loading=\"lazy\"\n\t\t\t\t\t\t\tsrc=\"https:\/\/www.google.com\/maps\/embed\/v1\/place?key=AIzaSyBAM2o7PiQqwk15LC1XRH2e_KJ-jUa7KYk&#038;zoom=11&#038;maptype=roadmap&#038;q=Zhengzhou\"\n\t\t\t\t\t\t\ttitle=\"Google map of Zhengzhou\"><\/iframe><\/div><script>function kb_google_map369_4952e73d() { let center = { lat: 37.8201, lng: -122.4781}; let map = new google.maps.Map(document.getElementById(\"kb-google-map369_4952e73d\"), {\n\t\t\t\t\t    zoom: 11,\n\t\t\t\t\t    center: center,});let marker = new google.maps.Marker({   position: { lat: 37.8201, lng: -122.4781},    map: map,  });}<\/script><\/div><\/div>\n\n\n<style>.kadence-column369_b4a882-19 > .kt-inside-inner-col,.kadence-column369_b4a882-19 > .kt-inside-inner-col:before{border-top-left-radius:0px;border-top-right-radius:0px;border-bottom-right-radius:0px;border-bottom-left-radius:0px;}.kadence-column369_b4a882-19 > .kt-inside-inner-col{column-gap:var(--global-kb-gap-sm, 1rem);}.kadence-column369_b4a882-19 > .kt-inside-inner-col{flex-direction:column;}.kadence-column369_b4a882-19 > .kt-inside-inner-col > .aligncenter{width:100%;}.kadence-column369_b4a882-19 > .kt-inside-inner-col:before{opacity:0.3;}.kadence-column369_b4a882-19{position:relative;}@media all and (max-width: 1024px){.kadence-column369_b4a882-19 > .kt-inside-inner-col{flex-direction:column;justify-content:center;}}@media all and (max-width: 767px){.kadence-column369_b4a882-19 > .kt-inside-inner-col{flex-direction:column;justify-content:center;}}<\/style>\n<div class=\"wp-block-kadence-column kadence-column369_b4a882-19 inner-column-2\"><div class=\"kt-inside-inner-col\"><style>.wp-block-kadence-advancedheading.kt-adv-heading369_b06faa-f9, .wp-block-kadence-advancedheading.kt-adv-heading369_b06faa-f9[data-kb-block=\"kb-adv-heading369_b06faa-f9\"]{font-size:19px;line-height:30px;font-style:normal;}.wp-block-kadence-advancedheading.kt-adv-heading369_b06faa-f9 mark.kt-highlight, .wp-block-kadence-advancedheading.kt-adv-heading369_b06faa-f9[data-kb-block=\"kb-adv-heading369_b06faa-f9\"] mark.kt-highlight{font-style:normal;color:#f76a0c;-webkit-box-decoration-break:clone;box-decoration-break:clone;padding-top:0px;padding-right:0px;padding-bottom:0px;padding-left:0px;}.wp-block-kadence-advancedheading.kt-adv-heading369_b06faa-f9 img.kb-inline-image, .wp-block-kadence-advancedheading.kt-adv-heading369_b06faa-f9[data-kb-block=\"kb-adv-heading369_b06faa-f9\"] img.kb-inline-image{width:150px;vertical-align:baseline;}<\/style>\n<p class=\"kt-adv-heading369_b06faa-f9 wp-block-kadence-advancedheading has-theme-palette-5-color has-text-color\" data-kb-block=\"kb-adv-heading369_b06faa-f9\">Have questions or need help? Use the form to reach out and we will be in touch with you as quickly as possible.<\/p>\n<\/div><\/div>\n\n<\/div><\/div>\n\n<style>.kb-row-layout-wrap.wp-block-kadence-rowlayout.kb-row-layout-id369_71844b-7b{margin-bottom:40px;}.kb-row-layout-id369_71844b-7b > .kt-row-column-wrap{align-content:start;}:where(.kb-row-layout-id369_71844b-7b > .kt-row-column-wrap) > .wp-block-kadence-column{justify-content:start;}.kb-row-layout-id369_71844b-7b > .kt-row-column-wrap{column-gap:var(--global-kb-gap-md, 2rem);row-gap:var(--global-kb-gap-md, 2rem);max-width:1200px;margin-left:auto;margin-right:auto;padding-top:0px;padding-right:25px;padding-bottom:30px;padding-left:25px;grid-template-columns:minmax(0, 1fr);}.kb-row-layout-id369_71844b-7b > .kt-row-layout-overlay{opacity:0.30;}@media all and (max-width: 1024px){.kb-row-layout-id369_71844b-7b > .kt-row-column-wrap{grid-template-columns:minmax(0, 1fr);}}@media all and (max-width: 767px){.kb-row-layout-id369_71844b-7b > .kt-row-column-wrap{grid-template-columns:minmax(0, 1fr);}}<\/style><div class=\"kb-row-layout-wrap kb-row-layout-id369_71844b-7b alignnone wp-block-kadence-rowlayout\"><div class=\"kt-row-column-wrap kt-has-1-columns kt-row-layout-equal kt-tab-layout-inherit kt-mobile-layout-row kt-row-valign-top\">\n<style>.kadence-column369_286e8e-fa > .kt-inside-inner-col,.kadence-column369_286e8e-fa > .kt-inside-inner-col:before{border-top-left-radius:0px;border-top-right-radius:0px;border-bottom-right-radius:0px;border-bottom-left-radius:0px;}.kadence-column369_286e8e-fa > .kt-inside-inner-col{column-gap:var(--global-kb-gap-sm, 1rem);}.kadence-column369_286e8e-fa > .kt-inside-inner-col{flex-direction:column;}.kadence-column369_286e8e-fa > .kt-inside-inner-col > .aligncenter{width:100%;}.kadence-column369_286e8e-fa > .kt-inside-inner-col:before{opacity:0.3;}.kadence-column369_286e8e-fa{position:relative;}@media all and (max-width: 1024px){.kadence-column369_286e8e-fa > .kt-inside-inner-col{flex-direction:column;justify-content:center;}}@media all and (max-width: 767px){.kadence-column369_286e8e-fa > .kt-inside-inner-col{flex-direction:column;justify-content:center;}}<\/style>\n<div class=\"wp-block-kadence-column kadence-column369_286e8e-fa inner-column-1\"><div class=\"kt-inside-inner-col\"><style>.wp-block-kadence-advancedheading.kt-adv-heading369_d9dc5c-9f, .wp-block-kadence-advancedheading.kt-adv-heading369_d9dc5c-9f[data-kb-block=\"kb-adv-heading369_d9dc5c-9f\"]{text-align:center;font-size:20px;font-style:normal;}.wp-block-kadence-advancedheading.kt-adv-heading369_d9dc5c-9f mark.kt-highlight, .wp-block-kadence-advancedheading.kt-adv-heading369_d9dc5c-9f[data-kb-block=\"kb-adv-heading369_d9dc5c-9f\"] mark.kt-highlight{font-style:normal;color:#f76a0c;-webkit-box-decoration-break:clone;box-decoration-break:clone;padding-top:0px;padding-right:0px;padding-bottom:0px;padding-left:0px;}.wp-block-kadence-advancedheading.kt-adv-heading369_d9dc5c-9f img.kb-inline-image, .wp-block-kadence-advancedheading.kt-adv-heading369_d9dc5c-9f[data-kb-block=\"kb-adv-heading369_d9dc5c-9f\"] img.kb-inline-image{width:150px;vertical-align:baseline;}<\/style>\n<p class=\"kt-adv-heading369_d9dc5c-9f wp-block-kadence-advancedheading has-theme-palette-6-color has-text-color\" data-kb-block=\"kb-adv-heading369_d9dc5c-9f\">Have commercial needs? <a href=\"#\"><strong>Drop us a line.<\/strong><\/a><\/p>\n<\/div><\/div>\n\n<\/div><\/div>","protected":false},"excerpt":{"rendered":"<p>Contato Tem d\u00favidas ou precisa de ajuda? Utilize o formul\u00e1rio para entrar em contato e entraremos em contato com voc\u00ea o mais r\u00e1pido poss\u00edvel. Tem necessidades comerciais? Deixe-nos uma mensagem.<\/p>","protected":false},"author":1,"featured_media":0,"parent":0,"menu_order":0,"comment_status":"closed","ping_status":"closed","template":"","meta":{"_kad_blocks_custom_css":"","_kad_blocks_head_custom_js":"","_kad_blocks_body_custom_js":"","_kad_blocks_footer_custom_js":"","_kadence_starter_templates_imported_post":true,"_kad_post_transparent":"disable","_kad_post_title":"hide","_kad_post_layout":"fullwidth","_kad_post_sidebar_id":"","_kad_post_content_style":"","_kad_post_vertical_padding":"","_kad_post_feature":"","_kad_post_feature_position":"","_kad_post_header":false,"_kad_post_footer":false,"_kad_post_classname":"","footnotes":""},"class_list":["post-369","page","type-page","status-publish","hentry"],"taxonomy_info":[],"featured_image_src_large":false,"author_info":{"display_name":"DryingPlant.Com","author_link":"https:\/\/dryingplant.com\/pt\/author\/drying\/"},"comment_info":0,"_links":{"self":[{"href":"https:\/\/dryingplant.com\/pt\/wp-json\/wp\/v2\/pages\/369","targetHints":{"allow":["GET"]}}],"collection":[{"href":"https:\/\/dryingplant.com\/pt\/wp-json\/wp\/v2\/pages"}],"about":[{"href":"https:\/\/dryingplant.com\/pt\/wp-json\/wp\/v2\/types\/page"}],"author":[{"embeddable":true,"href":"https:\/\/dryingplant.com\/pt\/wp-json\/wp\/v2\/users\/1"}],"replies":[{"embeddable":true,"href":"https:\/\/dryingplant.com\/pt\/wp-json\/wp\/v2\/comments?post=369"}],"version-history":[{"count":0,"href":"https:\/\/dryingplant.com\/pt\/wp-json\/wp\/v2\/pages\/369\/revisions"}],"wp:attachment":[{"href":"https:\/\/dryingplant.com\/pt\/wp-json\/wp\/v2\/media?parent=369"}],"curies":[{"name":"wp","href":"https:\/\/api.w.org\/{rel}","templated":true}]}}