{"id":9526,"date":"2026-04-13T17:54:03","date_gmt":"2026-04-13T09:54:03","guid":{"rendered":"https:\/\/dryingplant.com\/?page_id=9526"},"modified":"2026-04-13T17:54:05","modified_gmt":"2026-04-13T09:54:05","slug":"inquiry-guide","status":"publish","type":"page","link":"https:\/\/dryingplant.com\/fr\/inquiry-guide\/","title":{"rendered":"Guide de demande"},"content":{"rendered":"<h2 class=\"wp-block-heading\"><mark style=\"background-color:rgba(0, 0, 0, 0)\" class=\"has-inline-color has-theme-palette-1-color\">Comment choisir le bon s\u00e9choir pour votre mat\u00e9riau<\/mark><\/h2>    <p>Le choix du bon s\u00e9choir d\u00e9pend de votre mat\u00e9riau, de la teneur en humidit\u00e9 et des exigences de production.<\/p>    <p class=\"translation-block\">Chez Drying Plant, nous proposons des solutions de s\u00e9chage personnalis\u00e9es pour une large gamme de mat\u00e9riaux, y compris les aliments, produits agricoles, bois, produits chimiques, et plus encore. Diff\u00e9rents mat\u00e9riaux n\u00e9cessitent diff\u00e9rentes technologies de s\u00e9chage, telles que<strong><a href=\"https:\/\/dryingplant.com\/fr\/continuous-conveyor-dryer\/\"> s\u00e9choirs \u00e0 bande,<\/a><\/strong> s\u00e9choirs \u00e0 tambour, <strong><a href=\"https:\/\/dryingplant.com\/fr\/drying-room\/\">salles de s\u00e9chage<\/a><\/strong>, ou s\u00e9choirs \u00e0 pompe \u00e0 chaleur.<\/p>    <p>\ud83d\udc49 Pour recommander la solution la plus adapt\u00e9e, nous avons besoin de quelques informations cl\u00e9s de votre part avant de faire une proposition.<\/p>    <figure class=\"wp-block-gallery has-nested-images columns-default is-cropped wp-block-gallery-2 is-layout-flex wp-block-gallery-is-layout-flex\"> <figure class=\"wp-block-image size-large\"><img loading=\"lazy\" decoding=\"async\" width=\"720\" height=\"540\" data-id=\"9473\" src=\"https:\/\/dryingplant.com\/wp-content\/uploads\/2026\/03\/Small-Almond-Drying-Equipment.webp\" alt=\"Petit \u00e9quipement de s\u00e9chage d&#039;amandes\" class=\"wp-image-9473\" title=\"\" srcset=\"https:\/\/dryingplant.com\/wp-content\/uploads\/2026\/03\/Small-Almond-Drying-Equipment.webp 720w, https:\/\/dryingplant.com\/wp-content\/uploads\/2026\/03\/Small-Almond-Drying-Equipment-240x180.webp 240w, https:\/\/dryingplant.com\/wp-content\/uploads\/2026\/03\/Small-Almond-Drying-Equipment-16x12.webp 16w\" sizes=\"auto, (max-width: 720px) 100vw, 720px\" \/><figcaption class=\"wp-element-caption\">Petit \u00e9quipement de s\u00e9chage d'amandes<\/figcaption><\/figure>    <figure class=\"wp-block-image size-large\"><img loading=\"lazy\" decoding=\"async\" width=\"720\" height=\"540\" data-id=\"9497\" src=\"https:\/\/dryingplant.com\/wp-content\/uploads\/2026\/04\/conveyor-type-continuous-mesh-belt-dryer.webp\" alt=\"conveyor type continuous mesh belt dryer\" class=\"wp-image-9497\" title=\"\" srcset=\"https:\/\/dryingplant.com\/wp-content\/uploads\/2026\/04\/conveyor-type-continuous-mesh-belt-dryer.webp 720w, https:\/\/dryingplant.com\/wp-content\/uploads\/2026\/04\/conveyor-type-continuous-mesh-belt-dryer-240x180.webp 240w, https:\/\/dryingplant.com\/wp-content\/uploads\/2026\/04\/conveyor-type-continuous-mesh-belt-dryer-16x12.webp 16w\" sizes=\"auto, (max-width: 720px) 100vw, 720px\" \/><figcaption class=\"wp-element-caption\">Type de convoyeur : s\u00e8che-linge \u00e0 bande continue de mailles<\/figcaption><\/figure>    <figure class=\"wp-block-image size-large\"><img loading=\"lazy\" decoding=\"async\" width=\"720\" height=\"540\" data-id=\"8863\" src=\"https:\/\/dryingplant.com\/wp-content\/uploads\/2024\/04\/The-price-of-a-mobile-grain-dryer.webp\" alt=\"Le prix d&#039;un s\u00e9choir \u00e0 grains mobile\" class=\"wp-image-8863\" title=\"\" srcset=\"https:\/\/dryingplant.com\/wp-content\/uploads\/2024\/04\/The-price-of-a-mobile-grain-dryer.webp 720w, https:\/\/dryingplant.com\/wp-content\/uploads\/2024\/04\/The-price-of-a-mobile-grain-dryer-240x180.webp 240w, https:\/\/dryingplant.com\/wp-content\/uploads\/2024\/04\/The-price-of-a-mobile-grain-dryer-16x12.webp 16w\" sizes=\"auto, (max-width: 720px) 100vw, 720px\" \/><figcaption class=\"wp-element-caption\">Le prix d\u2019un s\u00e9choir \u00e0 grains mobile<\/figcaption><\/figure>    <figure class=\"wp-block-image size-large\"><img loading=\"lazy\" decoding=\"async\" width=\"720\" height=\"540\" data-id=\"8801\" src=\"https:\/\/dryingplant.com\/wp-content\/uploads\/2021\/03\/Price-of-Microwave-Drying-Machine.webp\" alt=\"Prix du s\u00e8che-micro-ondes\" class=\"wp-image-8801\" title=\"\" srcset=\"https:\/\/dryingplant.com\/wp-content\/uploads\/2021\/03\/Price-of-Microwave-Drying-Machine.webp 720w, https:\/\/dryingplant.com\/wp-content\/uploads\/2021\/03\/Price-of-Microwave-Drying-Machine-240x180.webp 240w, https:\/\/dryingplant.com\/wp-content\/uploads\/2021\/03\/Price-of-Microwave-Drying-Machine-16x12.webp 16w\" sizes=\"auto, (max-width: 720px) 100vw, 720px\" \/><figcaption class=\"wp-element-caption\">Prix de la machine de s\u00e9chage par micro-ondes<\/figcaption><\/figure>    <figure class=\"wp-block-image size-large\"><img loading=\"lazy\" decoding=\"async\" width=\"720\" height=\"540\" data-id=\"5869\" src=\"https:\/\/dryingplant.com\/wp-content\/uploads\/2023\/03\/inner-structure-of-sawdust-drying-equipment.webp\" alt=\"inner structure of sawdust drying equipment\" class=\"wp-image-5869\" title=\"\"><figcaption class=\"wp-element-caption\">Structure interne de l\u2019\u00e9quipement de s\u00e9chage de sciure<\/figcaption><\/figure> <\/figure>    <h2 class=\"wp-block-heading\"><mark style=\"background-color:rgba(0, 0, 0, 0)\" class=\"has-inline-color has-theme-palette-1-color\">Quelles informations devez-vous fournir ?<\/mark><\/h2>    <p>Pour nous aider \u00e0 concevoir la meilleure solution de s\u00e9chage pour vous, veuillez fournir les d\u00e9tails suivants :<\/p>    <h3 class=\"wp-block-heading\">1. Informations sur le mat\u00e9riau<\/h3>    <ul class=\"wp-block-list\"> <li>Quel est le nom de votre mat\u00e9riau ?<\/li>    <li>Est-ce solide, en poudre, en p\u00e2te, ou liquide ?<\/li>    <li>Quelle est la taille ou la forme (tranche, granule, entier, etc.) ?<\/li>    <li>Veuillez fournir <strong><mark style=\"background-color:rgba(0, 0, 0, 0)\" class=\"has-inline-color has-theme-palette-1-color\">Photos claires du mat\u00e9riau brut<\/mark><\/strong><\/li> <\/ul>    <p>\ud83d\udc49 Diff\u00e9rents mat\u00e9riaux n\u00e9cessitent des m\u00e9thodes de s\u00e9chage compl\u00e8tement diff\u00e9rentes.<\/p>    <figure class=\"wp-block-gallery has-nested-images columns-default is-cropped wp-block-gallery-3 is-layout-flex wp-block-gallery-is-layout-flex\"> <figure class=\"wp-block-image size-large\"><img loading=\"lazy\" decoding=\"async\" width=\"720\" height=\"540\" data-id=\"9268\" src=\"https:\/\/dryingplant.com\/wp-content\/uploads\/2025\/10\/Mixed-Dried-Fruit.webp\" alt=\"Fruits secs m\u00e9lang\u00e9s\" class=\"wp-image-9268\" title=\"\" srcset=\"https:\/\/dryingplant.com\/wp-content\/uploads\/2025\/10\/Mixed-Dried-Fruit.webp 720w, https:\/\/dryingplant.com\/wp-content\/uploads\/2025\/10\/Mixed-Dried-Fruit-240x180.webp 240w, https:\/\/dryingplant.com\/wp-content\/uploads\/2025\/10\/Mixed-Dried-Fruit-16x12.webp 16w\" sizes=\"auto, (max-width: 720px) 100vw, 720px\" \/><figcaption class=\"wp-element-caption\">Fruits secs m\u00e9lang\u00e9s<\/figcaption><\/figure>    <figure class=\"wp-block-image size-large\"><img loading=\"lazy\" decoding=\"async\" width=\"720\" height=\"540\" data-id=\"9227\" src=\"https:\/\/dryingplant.com\/wp-content\/uploads\/2025\/10\/A-bountiful-mango-harvest.webp\" alt=\"\" class=\"wp-image-9227\" title=\"\" srcset=\"https:\/\/dryingplant.com\/wp-content\/uploads\/2025\/10\/A-bountiful-mango-harvest.webp 720w, https:\/\/dryingplant.com\/wp-content\/uploads\/2025\/10\/A-bountiful-mango-harvest-240x180.webp 240w, https:\/\/dryingplant.com\/wp-content\/uploads\/2025\/10\/A-bountiful-mango-harvest-16x12.webp 16w\" sizes=\"auto, (max-width: 720px) 100vw, 720px\" \/><\/figure>    <figure class=\"wp-block-image size-large\"><img loading=\"lazy\" decoding=\"async\" width=\"720\" height=\"540\" data-id=\"9216\" src=\"https:\/\/dryingplant.com\/wp-content\/uploads\/2025\/10\/Place-the-prepared-fish-fillets-evenly-on-the-drying-trays.webp\" alt=\"Placez les filets de poisson pr\u00e9par\u00e9s uniform\u00e9ment sur les plateaux de s\u00e9chage\" class=\"wp-image-9216\" title=\"\" srcset=\"https:\/\/dryingplant.com\/wp-content\/uploads\/2025\/10\/Place-the-prepared-fish-fillets-evenly-on-the-drying-trays.webp 720w, https:\/\/dryingplant.com\/wp-content\/uploads\/2025\/10\/Place-the-prepared-fish-fillets-evenly-on-the-drying-trays-240x180.webp 240w, https:\/\/dryingplant.com\/wp-content\/uploads\/2025\/10\/Place-the-prepared-fish-fillets-evenly-on-the-drying-trays-16x12.webp 16w\" sizes=\"auto, (max-width: 720px) 100vw, 720px\" \/><figcaption class=\"wp-element-caption\">R\u00e9partissez uniform\u00e9ment les filets de poisson pr\u00e9par\u00e9s sur les plateaux de s\u00e9chage<\/figcaption><\/figure>    <figure class=\"wp-block-image size-large\"><img loading=\"lazy\" decoding=\"async\" width=\"720\" height=\"540\" data-id=\"9393\" src=\"https:\/\/dryingplant.com\/wp-content\/uploads\/2026\/01\/Grape-seed.webp\" alt=\"P\u00e9pin de raisin\" class=\"wp-image-9393\" title=\"\" srcset=\"https:\/\/dryingplant.com\/wp-content\/uploads\/2026\/01\/Grape-seed.webp 720w, https:\/\/dryingplant.com\/wp-content\/uploads\/2026\/01\/Grape-seed-240x180.webp 240w, https:\/\/dryingplant.com\/wp-content\/uploads\/2026\/01\/Grape-seed-16x12.webp 16w\" sizes=\"auto, (max-width: 720px) 100vw, 720px\" \/><figcaption class=\"wp-element-caption\">Graine de raisin<\/figcaption><\/figure>    <figure class=\"wp-block-image size-large\"><img loading=\"lazy\" decoding=\"async\" width=\"720\" height=\"540\" data-id=\"9458\" src=\"https:\/\/dryingplant.com\/wp-content\/uploads\/2026\/03\/Almond.webp\" alt=\"Amandes\" class=\"wp-image-9458\" title=\"\" srcset=\"https:\/\/dryingplant.com\/wp-content\/uploads\/2026\/03\/Almond.webp 720w, https:\/\/dryingplant.com\/wp-content\/uploads\/2026\/03\/Almond-240x180.webp 240w, https:\/\/dryingplant.com\/wp-content\/uploads\/2026\/03\/Almond-16x12.webp 16w\" sizes=\"auto, (max-width: 720px) 100vw, 720px\" \/><\/figure>    <figure class=\"wp-block-image size-large\"><img loading=\"lazy\" decoding=\"async\" width=\"720\" height=\"540\" data-id=\"9310\" src=\"https:\/\/dryingplant.com\/wp-content\/uploads\/2025\/11\/cashew-nut_.webp\" alt=\"noix de cajou\" class=\"wp-image-9310\" title=\"\" srcset=\"https:\/\/dryingplant.com\/wp-content\/uploads\/2025\/11\/cashew-nut_.webp 720w, https:\/\/dryingplant.com\/wp-content\/uploads\/2025\/11\/cashew-nut_-240x180.webp 240w, https:\/\/dryingplant.com\/wp-content\/uploads\/2025\/11\/cashew-nut_-16x12.webp 16w\" sizes=\"auto, (max-width: 720px) 100vw, 720px\" \/><figcaption class=\"wp-element-caption\">Noix de cajou<\/figcaption><\/figure> <\/figure>    <h3 class=\"wp-block-heading\">2. Teneur en humidit\u00e9 (Tr\u00e8s important)<\/h3>    <ul class=\"wp-block-list\"> <li>Teneur initiale en humidit\u00e9 (%)<\/li>    <li>Humidit\u00e9 finale requise (%)<\/li> <\/ul>    <p>\ud83d\udc49 Cela d\u00e9termine la temp\u00e9rature de s\u00e9chage, le temps de s\u00e9chage, et le type de machine.<\/p>    <h3 class=\"wp-block-heading\">3. Exigence de capacit\u00e9<\/h3>    <ul class=\"wp-block-list\"> <li>Quelle quantit\u00e9 de mat\u00e9riau souhaitez-vous traiter ? (kg\/h ou tonnes\/jour)<\/li> <\/ul>    <p class=\"translation-block\">\ud83d\udc49 Cela nous aide \u00e0 d\u00e9cider si vous avez besoin d\u2019un <strong>s\u00e9choir batch ou d\u2019un s\u00e9choir continu<\/strong>.<\/p>    <h3 class=\"wp-block-heading\">4. Pr\u00e9f\u00e9rence pour la source de chaleur<\/h3>    <ul class=\"wp-block-list\"> <li>\u00c9lectricit\u00e9<\/li>    <li>Gaz<\/li>    <li>Vapeur<\/li>    <li>Biomasse<\/li>    <li>Pompe \u00e0 chaleur<\/li> <\/ul>    <p>\ud83d\udc49 Nous pouvons concevoir des machines en fonction de votre source d\u2019\u00e9nergie disponible.<\/p>   <div class=\"wp-block-image\"> <figure class=\"aligncenter size-full\"><img loading=\"lazy\" decoding=\"async\" width=\"720\" height=\"540\" src=\"https:\/\/dryingplant.com\/wp-content\/uploads\/2026\/04\/hot-air-continuous-mesh-belt-dryer.webp\" alt=\"S\u00e9choir \u00e0 bande continue \u00e0 air chaud\" class=\"wp-image-9500\" title=\"\" srcset=\"https:\/\/dryingplant.com\/wp-content\/uploads\/2026\/04\/hot-air-continuous-mesh-belt-dryer.webp 720w, https:\/\/dryingplant.com\/wp-content\/uploads\/2026\/04\/hot-air-continuous-mesh-belt-dryer-240x180.webp 240w, https:\/\/dryingplant.com\/wp-content\/uploads\/2026\/04\/hot-air-continuous-mesh-belt-dryer-16x12.webp 16w\" sizes=\"auto, (max-width: 720px) 100vw, 720px\" \/><figcaption class=\"wp-element-caption\">S\u00e9choir \u00e0 bande continue \u00e0 air chaud<\/figcaption><\/figure> <\/div>   <h3 class=\"wp-block-heading\">5. Exigences du produit final<\/h3>    <ul class=\"wp-block-list\"> <li>Forme finale (poudre, tranche, granule, etc.)<\/li>    <li>Exigences de qualit\u00e9 (couleur, go\u00fbt, nutrition, etc.)<\/li>    <li>S\u2019agit-il d\u2019une utilisation alimentaire ou industrielle ?<\/li> <\/ul>    <h3 class=\"wp-block-heading\">6. Conditions locales (optionnel mais utile)<\/h3>    <ul class=\"wp-block-list\"> <li>Tension et fr\u00e9quence<\/li>    <li>Espace d\u2019installation disponible<\/li>    <li>Conditions climatiques locales<\/li> <\/ul>    <p>\ud83d\udc49 Cela aide \u00e0 garantir que la machine s\u2019adapte \u00e0 l\u2019environnement de votre usine.<\/p>    <h2 class=\"wp-block-heading\">Exemples d\u2019applications<\/h2>    <p>Nous avons fourni avec succ\u00e8s des solutions de s\u00e9chage pour divers mat\u00e9riaux, tels que :<\/p>    <ul class=\"wp-block-list\"> <li>Fruits et l\u00e9gumes (piment, ail, oignon, mangue)<\/li>    <li>Produits de poisson et de viande<\/li>    <li>\u00c9clats de bois et sciure<\/li>    <li>Mat\u00e9riaux \u00e0 base de plantes et agricoles<\/li> <\/ul>    <p>Vous pouvez nous envoyer des photos de votre mat\u00e9riau, et nous vous recommanderons une solution similaire.<\/p>    <figure class=\"wp-block-gallery has-nested-images columns-default is-cropped wp-block-gallery-4 is-layout-flex wp-block-gallery-is-layout-flex\"> <figure class=\"wp-block-image size-large\"><img loading=\"lazy\" decoding=\"async\" width=\"720\" height=\"405\" data-id=\"9457\" src=\"https:\/\/dryingplant.com\/wp-content\/uploads\/2026\/03\/Almond-Drying.webp\" alt=\"S\u00e9chage d&#039;amandes\" class=\"wp-image-9457\" title=\"\" srcset=\"https:\/\/dryingplant.com\/wp-content\/uploads\/2026\/03\/Almond-Drying.webp 720w, https:\/\/dryingplant.com\/wp-content\/uploads\/2026\/03\/Almond-Drying-320x180.webp 320w, https:\/\/dryingplant.com\/wp-content\/uploads\/2026\/03\/Almond-Drying-160x90.webp 160w, https:\/\/dryingplant.com\/wp-content\/uploads\/2026\/03\/Almond-Drying-18x10.webp 18w\" sizes=\"auto, (max-width: 720px) 100vw, 720px\" \/><figcaption class=\"wp-element-caption\">S\u00e9chage d'amandes<\/figcaption><\/figure>    <figure class=\"wp-block-image size-large\"><img loading=\"lazy\" decoding=\"async\" width=\"720\" height=\"405\" data-id=\"9399\" src=\"https:\/\/dryingplant.com\/wp-content\/uploads\/2026\/01\/\u672a\u6807\u9898-1.webp\" alt=\"S\u00e9chage de la graine de raisin\" class=\"wp-image-9399\" title=\"\" srcset=\"https:\/\/dryingplant.com\/wp-content\/uploads\/2026\/01\/\u672a\u6807\u9898-1.webp 720w, https:\/\/dryingplant.com\/wp-content\/uploads\/2026\/01\/\u672a\u6807\u9898-1-320x180.webp 320w, https:\/\/dryingplant.com\/wp-content\/uploads\/2026\/01\/\u672a\u6807\u9898-1-160x90.webp 160w, https:\/\/dryingplant.com\/wp-content\/uploads\/2026\/01\/\u672a\u6807\u9898-1-18x10.webp 18w\" sizes=\"auto, (max-width: 720px) 100vw, 720px\" \/><figcaption class=\"wp-element-caption\">S\u00e9chage de la graine de raisin<\/figcaption><\/figure>    <figure class=\"wp-block-image size-large\"><img loading=\"lazy\" decoding=\"async\" width=\"720\" height=\"405\" data-id=\"9385\" src=\"https:\/\/dryingplant.com\/wp-content\/uploads\/2025\/12\/Black-Tea-Drying.webp\" alt=\"S\u00e9chage du th\u00e9 noir\" class=\"wp-image-9385\" title=\"\" srcset=\"https:\/\/dryingplant.com\/wp-content\/uploads\/2025\/12\/Black-Tea-Drying.webp 720w, https:\/\/dryingplant.com\/wp-content\/uploads\/2025\/12\/Black-Tea-Drying-320x180.webp 320w, https:\/\/dryingplant.com\/wp-content\/uploads\/2025\/12\/Black-Tea-Drying-160x90.webp 160w, https:\/\/dryingplant.com\/wp-content\/uploads\/2025\/12\/Black-Tea-Drying-18x10.webp 18w\" sizes=\"auto, (max-width: 720px) 100vw, 720px\" \/><figcaption class=\"wp-element-caption\">S\u00e9chage du th\u00e9 noir<\/figcaption><\/figure>    <figure class=\"wp-block-image size-large\"><img loading=\"lazy\" decoding=\"async\" width=\"720\" height=\"405\" data-id=\"9366\" src=\"https:\/\/dryingplant.com\/wp-content\/uploads\/2025\/12\/f15a6be864474d13b621e170129f97ea.png\" alt=\"S\u00e9chage de l\u00e9gumes\" class=\"wp-image-9366\" title=\"\" srcset=\"https:\/\/dryingplant.com\/wp-content\/uploads\/2025\/12\/f15a6be864474d13b621e170129f97ea.png 720w, https:\/\/dryingplant.com\/wp-content\/uploads\/2025\/12\/f15a6be864474d13b621e170129f97ea-320x180.png 320w, https:\/\/dryingplant.com\/wp-content\/uploads\/2025\/12\/f15a6be864474d13b621e170129f97ea-160x90.png 160w, https:\/\/dryingplant.com\/wp-content\/uploads\/2025\/12\/f15a6be864474d13b621e170129f97ea-18x10.png 18w\" sizes=\"auto, (max-width: 720px) 100vw, 720px\" \/><figcaption class=\"wp-element-caption\">S\u00e9chage de l\u00e9gumes<\/figcaption><\/figure>    <figure class=\"wp-block-image size-large\"><img loading=\"lazy\" decoding=\"async\" width=\"720\" height=\"405\" data-id=\"9314\" src=\"https:\/\/dryingplant.com\/wp-content\/uploads\/2025\/11\/fa7cd8cc08824932a6d7c060f0e4abf9.webp\" alt=\"S\u00e9chage de cajou\" class=\"wp-image-9314\" title=\"\" srcset=\"https:\/\/dryingplant.com\/wp-content\/uploads\/2025\/11\/fa7cd8cc08824932a6d7c060f0e4abf9.webp 720w, https:\/\/dryingplant.com\/wp-content\/uploads\/2025\/11\/fa7cd8cc08824932a6d7c060f0e4abf9-320x180.webp 320w, https:\/\/dryingplant.com\/wp-content\/uploads\/2025\/11\/fa7cd8cc08824932a6d7c060f0e4abf9-160x90.webp 160w, https:\/\/dryingplant.com\/wp-content\/uploads\/2025\/11\/fa7cd8cc08824932a6d7c060f0e4abf9-18x10.webp 18w\" sizes=\"auto, (max-width: 720px) 100vw, 720px\" \/><figcaption class=\"wp-element-caption\">S\u00e9chage de cajou<\/figcaption><\/figure>    <figure class=\"wp-block-image size-large\"><img loading=\"lazy\" decoding=\"async\" width=\"720\" height=\"405\" data-id=\"9284\" src=\"https:\/\/dryingplant.com\/wp-content\/uploads\/2025\/11\/Cocoa-Bean-Belt-Dryer-1.webp\" alt=\"S\u00e9choir \u00e0 ceinture de f\u00e8ves de cacao\" class=\"wp-image-9284\" title=\"\" srcset=\"https:\/\/dryingplant.com\/wp-content\/uploads\/2025\/11\/Cocoa-Bean-Belt-Dryer-1.webp 720w, https:\/\/dryingplant.com\/wp-content\/uploads\/2025\/11\/Cocoa-Bean-Belt-Dryer-1-320x180.webp 320w, https:\/\/dryingplant.com\/wp-content\/uploads\/2025\/11\/Cocoa-Bean-Belt-Dryer-1-160x90.webp 160w, https:\/\/dryingplant.com\/wp-content\/uploads\/2025\/11\/Cocoa-Bean-Belt-Dryer-1-18x10.webp 18w\" sizes=\"auto, (max-width: 720px) 100vw, 720px\" \/><figcaption class=\"wp-element-caption\">S\u00e9choir \u00e0 ceinture de f\u00e8ves de cacao<\/figcaption><\/figure> <\/figure>    <h2 class=\"wp-block-heading\"><mark style=\"background-color:rgba(0, 0, 0, 0)\" class=\"has-inline-color has-theme-palette-1-color\">Obtenez votre solution de s\u00e9chage personnalis\u00e9e<\/mark><\/h2>    <p>Envoyez-nous les d\u00e9tails de votre mat\u00e9riau, et nos ing\u00e9nieurs vous fourniront :<\/p>    <ul class=\"wp-block-list\"> <li>Recommandation de machine de s\u00e9chage adapt\u00e9e<\/li>    <li>Solution technique<\/li>    <li>Capacit\u00e9 estim\u00e9e et consommation d\u2019\u00e9nergie<\/li>    <li>Devis<\/li> <\/ul>    <p class=\"translation-block\">\u23f1 <strong>Nous r\u00e9pondrons dans les 24 heures.<\/strong><\/p>    <p>\ud83d\udc49 Vous pouvez nous contacter via la fen\u00eatre contextuelle \u00e0 droite. Nous serons \u00e0 votre service dans les 12 heures.<\/p>    <p>M\u00eame si vous n\u2019\u00eates pas familier avec les caract\u00e9ristiques sp\u00e9cifiques des mat\u00e9riaux que vous souhaitez s\u00e9cher, n\u2019h\u00e9sitez pas \u00e0 consulter nos experts ; nous serions heureux de vous fournir une solution de s\u00e9chage adapt\u00e9e. Nous attendons votre contact avec impatience.<\/p>   <div class=\"wp-block-image\"> <figure class=\"aligncenter size-full\"><img loading=\"lazy\" decoding=\"async\" width=\"720\" height=\"540\" src=\"https:\/\/dryingplant.com\/wp-content\/uploads\/2026\/04\/Shuliys-customers.webp\" alt=\"Les clients de Shuliy\" class=\"wp-image-9543\" title=\"\" srcset=\"https:\/\/dryingplant.com\/wp-content\/uploads\/2026\/04\/Shuliys-customers.webp 720w, https:\/\/dryingplant.com\/wp-content\/uploads\/2026\/04\/Shuliys-customers-240x180.webp 240w, https:\/\/dryingplant.com\/wp-content\/uploads\/2026\/04\/Shuliys-customers-16x12.webp 16w\" sizes=\"auto, (max-width: 720px) 100vw, 720px\" \/><figcaption class=\"wp-element-caption\">Clients de Shuliy<\/figcaption><\/figure> <\/div>","protected":false},"excerpt":{"rendered":"<p>How to Choose the Right Drying Machine for Your Material Choosing the right drying machine depends on your material, moisture content, and production requirements. At Drying Plant, we provide customized drying solutions for a wide range of materials, including food, agricultural products, wood, chemicals, and more. Different materials require different drying technologies, such as belt&#8230;<\/p>","protected":false},"author":1,"featured_media":0,"parent":0,"menu_order":0,"comment_status":"closed","ping_status":"closed","template":"","meta":{"_kad_blocks_custom_css":"","_kad_blocks_head_custom_js":"","_kad_blocks_body_custom_js":"","_kad_blocks_footer_custom_js":"","_kadence_starter_templates_imported_post":false,"_kad_post_transparent":"","_kad_post_title":"","_kad_post_layout":"","_kad_post_sidebar_id":"","_kad_post_content_style":"","_kad_post_vertical_padding":"","_kad_post_feature":"","_kad_post_feature_position":"","_kad_post_header":false,"_kad_post_footer":false,"_kad_post_classname":"","footnotes":""},"class_list":["post-9526","page","type-page","status-publish","hentry"],"taxonomy_info":[],"featured_image_src_large":false,"author_info":{"display_name":"DryingPlant.Com","author_link":"https:\/\/dryingplant.com\/fr\/author\/drying\/"},"comment_info":0,"_links":{"self":[{"href":"https:\/\/dryingplant.com\/fr\/wp-json\/wp\/v2\/pages\/9526","targetHints":{"allow":["GET"]}}],"collection":[{"href":"https:\/\/dryingplant.com\/fr\/wp-json\/wp\/v2\/pages"}],"about":[{"href":"https:\/\/dryingplant.com\/fr\/wp-json\/wp\/v2\/types\/page"}],"author":[{"embeddable":true,"href":"https:\/\/dryingplant.com\/fr\/wp-json\/wp\/v2\/users\/1"}],"replies":[{"embeddable":true,"href":"https:\/\/dryingplant.com\/fr\/wp-json\/wp\/v2\/comments?post=9526"}],"version-history":[{"count":15,"href":"https:\/\/dryingplant.com\/fr\/wp-json\/wp\/v2\/pages\/9526\/revisions"}],"predecessor-version":[{"id":9544,"href":"https:\/\/dryingplant.com\/fr\/wp-json\/wp\/v2\/pages\/9526\/revisions\/9544"}],"wp:attachment":[{"href":"https:\/\/dryingplant.com\/fr\/wp-json\/wp\/v2\/media?parent=9526"}],"curies":[{"name":"wp","href":"https:\/\/api.w.org\/{rel}","templated":true}]}}