{"id":9526,"date":"2026-04-13T17:54:03","date_gmt":"2026-04-13T09:54:03","guid":{"rendered":"https:\/\/dryingplant.com\/?page_id=9526"},"modified":"2026-04-13T17:54:05","modified_gmt":"2026-04-13T09:54:05","slug":"inquiry-guide","status":"publish","type":"page","link":"https:\/\/dryingplant.com\/es\/inquiry-guide\/","title":{"rendered":"Gu\u00eda de Consulta"},"content":{"rendered":"<h2 class=\"wp-block-heading\"><mark style=\"background-color:rgba(0, 0, 0, 0)\" class=\"has-inline-color has-theme-palette-1-color\">C\u00f3mo elegir la m\u00e1quina de secado adecuada para su material<\/mark><\/h2>    <p>Elegir la m\u00e1quina de secado adecuada depende de su material, contenido de humedad y requisitos de producci\u00f3n.<\/p>    <p class=\"translation-block\">En la Planta de Secado, ofrecemos soluciones de secado personalizadas para una amplia gama de materiales, incluyendo alimentos, productos agr\u00edcolas, madera, productos qu\u00edmicos y m\u00e1s. Diferentes materiales requieren diferentes tecnolog\u00edas de secado, como<strong><a href=\"https:\/\/dryingplant.com\/es\/continuous-conveyor-dryer\/\"> secadores de banda,<\/a><\/strong> secadores de tambor, <strong><a href=\"https:\/\/dryingplant.com\/es\/drying-room\/\">salas de secado<\/a><\/strong>, o secadores de bomba de calor.<\/p>    <p>\ud83d\udc49 Para recomendar la soluci\u00f3n m\u00e1s adecuada, necesitamos informaci\u00f3n clave de su parte antes de hacer una propuesta.<\/p>    <figure class=\"wp-block-gallery has-nested-images columns-default is-cropped wp-block-gallery-2 is-layout-flex wp-block-gallery-is-layout-flex\"> <figure class=\"wp-block-image size-large\"><img loading=\"lazy\" decoding=\"async\" width=\"720\" height=\"540\" data-id=\"9473\" src=\"https:\/\/dryingplant.com\/wp-content\/uploads\/2026\/03\/Small-Almond-Drying-Equipment.webp\" alt=\"Equipo peque\u00f1o de secado de almendras\" class=\"wp-image-9473\" title=\"\" srcset=\"https:\/\/dryingplant.com\/wp-content\/uploads\/2026\/03\/Small-Almond-Drying-Equipment.webp 720w, https:\/\/dryingplant.com\/wp-content\/uploads\/2026\/03\/Small-Almond-Drying-Equipment-240x180.webp 240w, https:\/\/dryingplant.com\/wp-content\/uploads\/2026\/03\/Small-Almond-Drying-Equipment-16x12.webp 16w\" sizes=\"auto, (max-width: 720px) 100vw, 720px\" \/><figcaption class=\"wp-element-caption\">Equipo peque\u00f1o de secado de almendras<\/figcaption><\/figure>    <figure class=\"wp-block-image size-large\"><img loading=\"lazy\" decoding=\"async\" width=\"720\" height=\"540\" data-id=\"9497\" src=\"https:\/\/dryingplant.com\/wp-content\/uploads\/2026\/04\/conveyor-type-continuous-mesh-belt-dryer.webp\" alt=\"conveyor type continuous mesh belt dryer\" class=\"wp-image-9497\" title=\"\" srcset=\"https:\/\/dryingplant.com\/wp-content\/uploads\/2026\/04\/conveyor-type-continuous-mesh-belt-dryer.webp 720w, https:\/\/dryingplant.com\/wp-content\/uploads\/2026\/04\/conveyor-type-continuous-mesh-belt-dryer-240x180.webp 240w, https:\/\/dryingplant.com\/wp-content\/uploads\/2026\/04\/conveyor-type-continuous-mesh-belt-dryer-16x12.webp 16w\" sizes=\"auto, (max-width: 720px) 100vw, 720px\" \/><figcaption class=\"wp-element-caption\">Tipo de transportador: Secador de banda continua con malla<\/figcaption><\/figure>    <figure class=\"wp-block-image size-large\"><img loading=\"lazy\" decoding=\"async\" width=\"720\" height=\"540\" data-id=\"8863\" src=\"https:\/\/dryingplant.com\/wp-content\/uploads\/2024\/04\/The-price-of-a-mobile-grain-dryer.webp\" alt=\"El precio de un secador de granos m\u00f3vil\" class=\"wp-image-8863\" title=\"\" srcset=\"https:\/\/dryingplant.com\/wp-content\/uploads\/2024\/04\/The-price-of-a-mobile-grain-dryer.webp 720w, https:\/\/dryingplant.com\/wp-content\/uploads\/2024\/04\/The-price-of-a-mobile-grain-dryer-240x180.webp 240w, https:\/\/dryingplant.com\/wp-content\/uploads\/2024\/04\/The-price-of-a-mobile-grain-dryer-16x12.webp 16w\" sizes=\"auto, (max-width: 720px) 100vw, 720px\" \/><figcaption class=\"wp-element-caption\">El precio de un secador de grano m\u00f3vil<\/figcaption><\/figure>    <figure class=\"wp-block-image size-large\"><img loading=\"lazy\" decoding=\"async\" width=\"720\" height=\"540\" data-id=\"8801\" src=\"https:\/\/dryingplant.com\/wp-content\/uploads\/2021\/03\/Price-of-Microwave-Drying-Machine.webp\" alt=\"Precio de la m\u00e1quina de secado por microondas\" class=\"wp-image-8801\" title=\"\" srcset=\"https:\/\/dryingplant.com\/wp-content\/uploads\/2021\/03\/Price-of-Microwave-Drying-Machine.webp 720w, https:\/\/dryingplant.com\/wp-content\/uploads\/2021\/03\/Price-of-Microwave-Drying-Machine-240x180.webp 240w, https:\/\/dryingplant.com\/wp-content\/uploads\/2021\/03\/Price-of-Microwave-Drying-Machine-16x12.webp 16w\" sizes=\"auto, (max-width: 720px) 100vw, 720px\" \/><figcaption class=\"wp-element-caption\">Precio de la m\u00e1quina de secado por microondas<\/figcaption><\/figure>    <figure class=\"wp-block-image size-large\"><img loading=\"lazy\" decoding=\"async\" width=\"720\" height=\"540\" data-id=\"5869\" src=\"https:\/\/dryingplant.com\/wp-content\/uploads\/2023\/03\/inner-structure-of-sawdust-drying-equipment.webp\" alt=\"Estructura interna del equipo de secado de aserr\u00edn.\" class=\"wp-image-5869\" title=\"\"><figcaption class=\"wp-element-caption\">Estructura interna del equipo de secado de aserr\u00edn<\/figcaption><\/figure> <\/figure>    <h2 class=\"wp-block-heading\"><mark style=\"background-color:rgba(0, 0, 0, 0)\" class=\"has-inline-color has-theme-palette-1-color\">\u00bfQu\u00e9 informaci\u00f3n debe proporcionar?<\/mark><\/h2>    <p>Para ayudarnos a dise\u00f1ar la mejor soluci\u00f3n de secado para usted, proporcione los siguientes detalles:<\/p>    <h3 class=\"wp-block-heading\">1. Informaci\u00f3n del material<\/h3>    <ul class=\"wp-block-list\"> <li>\u00bfCu\u00e1l es el nombre de su material?<\/li>    <li>\u00bfEs s\u00f3lido, en polvo, pasta o l\u00edquido?<\/li>    <li>\u00bfCu\u00e1l es el tama\u00f1o o forma (rebanada, gr\u00e1nulo, entero, etc.)?<\/li>    <li>Por favor, proporcione <strong><mark style=\"background-color:rgba(0, 0, 0, 0)\" class=\"has-inline-color has-theme-palette-1-color\">Fotos claras de la materia prima<\/mark><\/strong><\/li> <\/ul>    <p>\ud83d\udc49 Los diferentes materiales requieren m\u00e9todos de secado completamente diferentes.<\/p>    <figure class=\"wp-block-gallery has-nested-images columns-default is-cropped wp-block-gallery-3 is-layout-flex wp-block-gallery-is-layout-flex\"> <figure class=\"wp-block-image size-large\"><img loading=\"lazy\" decoding=\"async\" width=\"720\" height=\"540\" data-id=\"9268\" src=\"https:\/\/dryingplant.com\/wp-content\/uploads\/2025\/10\/Mixed-Dried-Fruit.webp\" alt=\"Fruta seca mixta\" class=\"wp-image-9268\" title=\"\" srcset=\"https:\/\/dryingplant.com\/wp-content\/uploads\/2025\/10\/Mixed-Dried-Fruit.webp 720w, https:\/\/dryingplant.com\/wp-content\/uploads\/2025\/10\/Mixed-Dried-Fruit-240x180.webp 240w, https:\/\/dryingplant.com\/wp-content\/uploads\/2025\/10\/Mixed-Dried-Fruit-16x12.webp 16w\" sizes=\"auto, (max-width: 720px) 100vw, 720px\" \/><figcaption class=\"wp-element-caption\">Fruta seca mixta<\/figcaption><\/figure>    <figure class=\"wp-block-image size-large\"><img loading=\"lazy\" decoding=\"async\" width=\"720\" height=\"540\" data-id=\"9227\" src=\"https:\/\/dryingplant.com\/wp-content\/uploads\/2025\/10\/A-bountiful-mango-harvest.webp\" alt=\"\" class=\"wp-image-9227\" title=\"\" srcset=\"https:\/\/dryingplant.com\/wp-content\/uploads\/2025\/10\/A-bountiful-mango-harvest.webp 720w, https:\/\/dryingplant.com\/wp-content\/uploads\/2025\/10\/A-bountiful-mango-harvest-240x180.webp 240w, https:\/\/dryingplant.com\/wp-content\/uploads\/2025\/10\/A-bountiful-mango-harvest-16x12.webp 16w\" sizes=\"auto, (max-width: 720px) 100vw, 720px\" \/><\/figure>    <figure class=\"wp-block-image size-large\"><img loading=\"lazy\" decoding=\"async\" width=\"720\" height=\"540\" data-id=\"9216\" src=\"https:\/\/dryingplant.com\/wp-content\/uploads\/2025\/10\/Place-the-prepared-fish-fillets-evenly-on-the-drying-trays.webp\" alt=\"Coloque los filetes preparados de pescado uniformemente en las bandejas de secado\" class=\"wp-image-9216\" title=\"\" srcset=\"https:\/\/dryingplant.com\/wp-content\/uploads\/2025\/10\/Place-the-prepared-fish-fillets-evenly-on-the-drying-trays.webp 720w, https:\/\/dryingplant.com\/wp-content\/uploads\/2025\/10\/Place-the-prepared-fish-fillets-evenly-on-the-drying-trays-240x180.webp 240w, https:\/\/dryingplant.com\/wp-content\/uploads\/2025\/10\/Place-the-prepared-fish-fillets-evenly-on-the-drying-trays-16x12.webp 16w\" sizes=\"auto, (max-width: 720px) 100vw, 720px\" \/><figcaption class=\"wp-element-caption\">Coloque los filetes de pescado preparados de manera uniforme en las bandejas de secado<\/figcaption><\/figure>    <figure class=\"wp-block-image size-large\"><img loading=\"lazy\" decoding=\"async\" width=\"720\" height=\"540\" data-id=\"9393\" src=\"https:\/\/dryingplant.com\/wp-content\/uploads\/2026\/01\/Grape-seed.webp\" alt=\"Semilla de uva\" class=\"wp-image-9393\" title=\"\" srcset=\"https:\/\/dryingplant.com\/wp-content\/uploads\/2026\/01\/Grape-seed.webp 720w, https:\/\/dryingplant.com\/wp-content\/uploads\/2026\/01\/Grape-seed-240x180.webp 240w, https:\/\/dryingplant.com\/wp-content\/uploads\/2026\/01\/Grape-seed-16x12.webp 16w\" sizes=\"auto, (max-width: 720px) 100vw, 720px\" \/><figcaption class=\"wp-element-caption\">Semilla de uva<\/figcaption><\/figure>    <figure class=\"wp-block-image size-large\"><img loading=\"lazy\" decoding=\"async\" width=\"720\" height=\"540\" data-id=\"9458\" src=\"https:\/\/dryingplant.com\/wp-content\/uploads\/2026\/03\/Almond.webp\" alt=\"Almendra\" class=\"wp-image-9458\" title=\"\" srcset=\"https:\/\/dryingplant.com\/wp-content\/uploads\/2026\/03\/Almond.webp 720w, https:\/\/dryingplant.com\/wp-content\/uploads\/2026\/03\/Almond-240x180.webp 240w, https:\/\/dryingplant.com\/wp-content\/uploads\/2026\/03\/Almond-16x12.webp 16w\" sizes=\"auto, (max-width: 720px) 100vw, 720px\" \/><\/figure>    <figure class=\"wp-block-image size-large\"><img loading=\"lazy\" decoding=\"async\" width=\"720\" height=\"540\" data-id=\"9310\" src=\"https:\/\/dryingplant.com\/wp-content\/uploads\/2025\/11\/cashew-nut_.webp\" alt=\"nuez de anacardo\" class=\"wp-image-9310\" title=\"\" srcset=\"https:\/\/dryingplant.com\/wp-content\/uploads\/2025\/11\/cashew-nut_.webp 720w, https:\/\/dryingplant.com\/wp-content\/uploads\/2025\/11\/cashew-nut_-240x180.webp 240w, https:\/\/dryingplant.com\/wp-content\/uploads\/2025\/11\/cashew-nut_-16x12.webp 16w\" sizes=\"auto, (max-width: 720px) 100vw, 720px\" \/><figcaption class=\"wp-element-caption\">Cacahuete<\/figcaption><\/figure> <\/figure>    <h3 class=\"wp-block-heading\">2. Contenido de humedad (Muy importante)<\/h3>    <ul class=\"wp-block-list\"> <li>Contenido de humedad inicial (%)<\/li>    <li>Humedad final requerida (%)<\/li> <\/ul>    <p>\ud83d\udc49 Esto determina la temperatura de secado, el tiempo de secado y el tipo de m\u00e1quina.<\/p>    <h3 class=\"wp-block-heading\">3. Requisito de capacidad<\/h3>    <ul class=\"wp-block-list\"> <li>\u00bfCu\u00e1nto material desea procesar? (kg\/h o toneladas\/d\u00eda)<\/li> <\/ul>    <p class=\"translation-block\">\ud83d\udc49 Esto nos ayuda a decidir si necesita un <strong>secador por lotes o un secador continuo<\/strong>.<\/p>    <h3 class=\"wp-block-heading\">Preferencia de fuente de calor<\/h3>    <ul class=\"wp-block-list\"> <li>Electricidad<\/li>    <li>Gas<\/li>    <li>Vapor<\/li>    <li>Biomasa<\/li>    <li>Bomba de calor<\/li> <\/ul>    <p>\ud83d\udc49 Podemos dise\u00f1ar m\u00e1quinas seg\u00fan su fuente de energ\u00eda disponible.<\/p>   <div class=\"wp-block-image\"> <figure class=\"aligncenter size-full\"><img loading=\"lazy\" decoding=\"async\" width=\"720\" height=\"540\" src=\"https:\/\/dryingplant.com\/wp-content\/uploads\/2026\/04\/hot-air-continuous-mesh-belt-dryer.webp\" alt=\"Secador de banda continua de aire caliente\" class=\"wp-image-9500\" title=\"\" srcset=\"https:\/\/dryingplant.com\/wp-content\/uploads\/2026\/04\/hot-air-continuous-mesh-belt-dryer.webp 720w, https:\/\/dryingplant.com\/wp-content\/uploads\/2026\/04\/hot-air-continuous-mesh-belt-dryer-240x180.webp 240w, https:\/\/dryingplant.com\/wp-content\/uploads\/2026\/04\/hot-air-continuous-mesh-belt-dryer-16x12.webp 16w\" sizes=\"auto, (max-width: 720px) 100vw, 720px\" \/><figcaption class=\"wp-element-caption\">Secador de banda continua de aire caliente<\/figcaption><\/figure> <\/div>   <h3 class=\"wp-block-heading\">Requisitos del producto final<\/h3>    <ul class=\"wp-block-list\"> <li>Forma final (polvo, rebanada, gr\u00e1nulo, etc.)<\/li>    <li>Requisitos de calidad (color, sabor, nutrici\u00f3n, etc.)<\/li>    <li>\u00bfEs para procesamiento de alimentos o uso industrial?<\/li> <\/ul>    <h3 class=\"wp-block-heading\">6. Condiciones locales (Opcional pero \u00fatil)<\/h3>    <ul class=\"wp-block-list\"> <li>Voltaje y frecuencia<\/li>    <li>Espacio de instalaci\u00f3n disponible<\/li>    <li>Condiciones clim\u00e1ticas locales<\/li> <\/ul>    <p>\ud83d\udc49 Esto ayuda a garantizar que la m\u00e1quina se adapte al entorno de su f\u00e1brica.<\/p>    <h2 class=\"wp-block-heading\">Ejemplos de aplicaciones<\/h2>    <p>Hemos proporcionado con \u00e9xito soluciones de secado para varios materiales, como:<\/p>    <ul class=\"wp-block-list\"> <li>Frutas y verduras (pimiento, ajo, cebolla, mango)<\/li>    <li>Productos de pescado y carne<\/li>    <li>Astillas de madera y aserr\u00edn<\/li>    <li>Materiales herbales y agr\u00edcolas<\/li> <\/ul>    <p>Puede enviarnos fotos de su material y le recomendaremos una soluci\u00f3n similar.<\/p>    <figure class=\"wp-block-gallery has-nested-images columns-default is-cropped wp-block-gallery-4 is-layout-flex wp-block-gallery-is-layout-flex\"> <figure class=\"wp-block-image size-large\"><img loading=\"lazy\" decoding=\"async\" width=\"720\" height=\"405\" data-id=\"9457\" src=\"https:\/\/dryingplant.com\/wp-content\/uploads\/2026\/03\/Almond-Drying.webp\" alt=\"Secado de almendras\" class=\"wp-image-9457\" title=\"\" srcset=\"https:\/\/dryingplant.com\/wp-content\/uploads\/2026\/03\/Almond-Drying.webp 720w, https:\/\/dryingplant.com\/wp-content\/uploads\/2026\/03\/Almond-Drying-320x180.webp 320w, https:\/\/dryingplant.com\/wp-content\/uploads\/2026\/03\/Almond-Drying-160x90.webp 160w, https:\/\/dryingplant.com\/wp-content\/uploads\/2026\/03\/Almond-Drying-18x10.webp 18w\" sizes=\"auto, (max-width: 720px) 100vw, 720px\" \/><figcaption class=\"wp-element-caption\">Secado de almendras<\/figcaption><\/figure>    <figure class=\"wp-block-image size-large\"><img loading=\"lazy\" decoding=\"async\" width=\"720\" height=\"405\" data-id=\"9399\" src=\"https:\/\/dryingplant.com\/wp-content\/uploads\/2026\/01\/\u672a\u6807\u9898-1.webp\" alt=\"Secado de semillas de uva\" class=\"wp-image-9399\" title=\"\" srcset=\"https:\/\/dryingplant.com\/wp-content\/uploads\/2026\/01\/\u672a\u6807\u9898-1.webp 720w, https:\/\/dryingplant.com\/wp-content\/uploads\/2026\/01\/\u672a\u6807\u9898-1-320x180.webp 320w, https:\/\/dryingplant.com\/wp-content\/uploads\/2026\/01\/\u672a\u6807\u9898-1-160x90.webp 160w, https:\/\/dryingplant.com\/wp-content\/uploads\/2026\/01\/\u672a\u6807\u9898-1-18x10.webp 18w\" sizes=\"auto, (max-width: 720px) 100vw, 720px\" \/><figcaption class=\"wp-element-caption\">Secado de semillas de uva<\/figcaption><\/figure>    <figure class=\"wp-block-image size-large\"><img loading=\"lazy\" decoding=\"async\" width=\"720\" height=\"405\" data-id=\"9385\" src=\"https:\/\/dryingplant.com\/wp-content\/uploads\/2025\/12\/Black-Tea-Drying.webp\" alt=\"Secado de t\u00e9 negro\" class=\"wp-image-9385\" title=\"\" srcset=\"https:\/\/dryingplant.com\/wp-content\/uploads\/2025\/12\/Black-Tea-Drying.webp 720w, https:\/\/dryingplant.com\/wp-content\/uploads\/2025\/12\/Black-Tea-Drying-320x180.webp 320w, https:\/\/dryingplant.com\/wp-content\/uploads\/2025\/12\/Black-Tea-Drying-160x90.webp 160w, https:\/\/dryingplant.com\/wp-content\/uploads\/2025\/12\/Black-Tea-Drying-18x10.webp 18w\" sizes=\"auto, (max-width: 720px) 100vw, 720px\" \/><figcaption class=\"wp-element-caption\">Secado de t\u00e9 negro<\/figcaption><\/figure>    <figure class=\"wp-block-image size-large\"><img loading=\"lazy\" decoding=\"async\" width=\"720\" height=\"405\" data-id=\"9366\" src=\"https:\/\/dryingplant.com\/wp-content\/uploads\/2025\/12\/f15a6be864474d13b621e170129f97ea.png\" alt=\"Secado de verduras\" class=\"wp-image-9366\" title=\"\" srcset=\"https:\/\/dryingplant.com\/wp-content\/uploads\/2025\/12\/f15a6be864474d13b621e170129f97ea.png 720w, https:\/\/dryingplant.com\/wp-content\/uploads\/2025\/12\/f15a6be864474d13b621e170129f97ea-320x180.png 320w, https:\/\/dryingplant.com\/wp-content\/uploads\/2025\/12\/f15a6be864474d13b621e170129f97ea-160x90.png 160w, https:\/\/dryingplant.com\/wp-content\/uploads\/2025\/12\/f15a6be864474d13b621e170129f97ea-18x10.png 18w\" sizes=\"auto, (max-width: 720px) 100vw, 720px\" \/><figcaption class=\"wp-element-caption\">Secado de verduras<\/figcaption><\/figure>    <figure class=\"wp-block-image size-large\"><img loading=\"lazy\" decoding=\"async\" width=\"720\" height=\"405\" data-id=\"9314\" src=\"https:\/\/dryingplant.com\/wp-content\/uploads\/2025\/11\/fa7cd8cc08824932a6d7c060f0e4abf9.webp\" alt=\"Secado de anacardos\" class=\"wp-image-9314\" title=\"\" srcset=\"https:\/\/dryingplant.com\/wp-content\/uploads\/2025\/11\/fa7cd8cc08824932a6d7c060f0e4abf9.webp 720w, https:\/\/dryingplant.com\/wp-content\/uploads\/2025\/11\/fa7cd8cc08824932a6d7c060f0e4abf9-320x180.webp 320w, https:\/\/dryingplant.com\/wp-content\/uploads\/2025\/11\/fa7cd8cc08824932a6d7c060f0e4abf9-160x90.webp 160w, https:\/\/dryingplant.com\/wp-content\/uploads\/2025\/11\/fa7cd8cc08824932a6d7c060f0e4abf9-18x10.webp 18w\" sizes=\"auto, (max-width: 720px) 100vw, 720px\" \/><figcaption class=\"wp-element-caption\">Secado de anacardos<\/figcaption><\/figure>    <figure class=\"wp-block-image size-large\"><img loading=\"lazy\" decoding=\"async\" width=\"720\" height=\"405\" data-id=\"9284\" src=\"https:\/\/dryingplant.com\/wp-content\/uploads\/2025\/11\/Cocoa-Bean-Belt-Dryer-1.webp\" alt=\"Secadora de correa de granos de cacao\" class=\"wp-image-9284\" title=\"\" srcset=\"https:\/\/dryingplant.com\/wp-content\/uploads\/2025\/11\/Cocoa-Bean-Belt-Dryer-1.webp 720w, https:\/\/dryingplant.com\/wp-content\/uploads\/2025\/11\/Cocoa-Bean-Belt-Dryer-1-320x180.webp 320w, https:\/\/dryingplant.com\/wp-content\/uploads\/2025\/11\/Cocoa-Bean-Belt-Dryer-1-160x90.webp 160w, https:\/\/dryingplant.com\/wp-content\/uploads\/2025\/11\/Cocoa-Bean-Belt-Dryer-1-18x10.webp 18w\" sizes=\"auto, (max-width: 720px) 100vw, 720px\" \/><figcaption class=\"wp-element-caption\">Secadora de correa de granos de cacao<\/figcaption><\/figure> <\/figure>    <h2 class=\"wp-block-heading\"><mark style=\"background-color:rgba(0, 0, 0, 0)\" class=\"has-inline-color has-theme-palette-1-color\">Obtenga su soluci\u00f3n de secado personalizada<\/mark><\/h2>    <p>Env\u00edenos los detalles de su material y nuestros ingenieros le proporcionar\u00e1n:<\/p>    <ul class=\"wp-block-list\"> <li>Recomendaci\u00f3n de m\u00e1quina de secado adecuada<\/li>    <li>Soluci\u00f3n t\u00e9cnica<\/li>    <li>Capacidad estimada y consumo de energ\u00eda<\/li>    <li>Cotizaci\u00f3n<\/li> <\/ul>    <p class=\"translation-block\">\u23f1 <strong>Responderemos en 24 horas.<\/strong><\/p>    <p>\ud83d\udc49 Puede contactarnos a trav\u00e9s de la ventana emergente a la derecha. Estaremos a su servicio en 12 horas.<\/p>    <p>Incluso si no est\u00e1 familiarizado con las caracter\u00edsticas espec\u00edficas de los materiales que desea secar, puede consultarnos; estaremos encantados de ofrecerle una soluci\u00f3n de secado a medida. Esperamos su contacto.<\/p>   <div class=\"wp-block-image\"> <figure class=\"aligncenter size-full\"><img loading=\"lazy\" decoding=\"async\" width=\"720\" height=\"540\" src=\"https:\/\/dryingplant.com\/wp-content\/uploads\/2026\/04\/Shuliys-customers.webp\" alt=\"Clientes de Shuliy\" class=\"wp-image-9543\" title=\"\" srcset=\"https:\/\/dryingplant.com\/wp-content\/uploads\/2026\/04\/Shuliys-customers.webp 720w, https:\/\/dryingplant.com\/wp-content\/uploads\/2026\/04\/Shuliys-customers-240x180.webp 240w, https:\/\/dryingplant.com\/wp-content\/uploads\/2026\/04\/Shuliys-customers-16x12.webp 16w\" sizes=\"auto, (max-width: 720px) 100vw, 720px\" \/><figcaption class=\"wp-element-caption\">Clientes de Shuliy<\/figcaption><\/figure> <\/div>","protected":false},"excerpt":{"rendered":"<p>How to Choose the Right Drying Machine for Your Material Choosing the right drying machine depends on your material, moisture content, and production requirements. At Drying Plant, we provide customized drying solutions for a wide range of materials, including food, agricultural products, wood, chemicals, and more. Different materials require different drying technologies, such as belt&#8230;<\/p>","protected":false},"author":1,"featured_media":0,"parent":0,"menu_order":0,"comment_status":"closed","ping_status":"closed","template":"","meta":{"_kad_blocks_custom_css":"","_kad_blocks_head_custom_js":"","_kad_blocks_body_custom_js":"","_kad_blocks_footer_custom_js":"","_kadence_starter_templates_imported_post":false,"_kad_post_transparent":"","_kad_post_title":"","_kad_post_layout":"","_kad_post_sidebar_id":"","_kad_post_content_style":"","_kad_post_vertical_padding":"","_kad_post_feature":"","_kad_post_feature_position":"","_kad_post_header":false,"_kad_post_footer":false,"_kad_post_classname":"","footnotes":""},"class_list":["post-9526","page","type-page","status-publish","hentry"],"taxonomy_info":[],"featured_image_src_large":false,"author_info":{"display_name":"DryingPlant.Com","author_link":"https:\/\/dryingplant.com\/es\/author\/drying\/"},"comment_info":0,"_links":{"self":[{"href":"https:\/\/dryingplant.com\/es\/wp-json\/wp\/v2\/pages\/9526","targetHints":{"allow":["GET"]}}],"collection":[{"href":"https:\/\/dryingplant.com\/es\/wp-json\/wp\/v2\/pages"}],"about":[{"href":"https:\/\/dryingplant.com\/es\/wp-json\/wp\/v2\/types\/page"}],"author":[{"embeddable":true,"href":"https:\/\/dryingplant.com\/es\/wp-json\/wp\/v2\/users\/1"}],"replies":[{"embeddable":true,"href":"https:\/\/dryingplant.com\/es\/wp-json\/wp\/v2\/comments?post=9526"}],"version-history":[{"count":15,"href":"https:\/\/dryingplant.com\/es\/wp-json\/wp\/v2\/pages\/9526\/revisions"}],"predecessor-version":[{"id":9544,"href":"https:\/\/dryingplant.com\/es\/wp-json\/wp\/v2\/pages\/9526\/revisions\/9544"}],"wp:attachment":[{"href":"https:\/\/dryingplant.com\/es\/wp-json\/wp\/v2\/media?parent=9526"}],"curies":[{"name":"wp","href":"https:\/\/api.w.org\/{rel}","templated":true}]}}