{"id":9526,"date":"2026-04-13T17:54:03","date_gmt":"2026-04-13T09:54:03","guid":{"rendered":"https:\/\/dryingplant.com\/?page_id=9526"},"modified":"2026-04-13T17:54:05","modified_gmt":"2026-04-13T09:54:05","slug":"inquiry-guide","status":"publish","type":"page","link":"https:\/\/dryingplant.com\/de\/inquiry-guide\/","title":{"rendered":"Anfrageleitfaden"},"content":{"rendered":"<h2 class=\"wp-block-heading\"><mark style=\"background-color:rgba(0, 0, 0, 0)\" class=\"has-inline-color has-theme-palette-1-color\">Wie w\u00e4hlt man die richtige Trocknungsmaschine f\u00fcr Ihr Material?<\/mark><\/h2>    <p>Die Wahl der richtigen Trocknungsmaschine h\u00e4ngt von Ihrem Material, Feuchtigkeitsgehalt und Produktionsanforderungen ab.<\/p>    <p class=\"translation-block\">Bei der Trocknungsanlage bieten wir ma\u00dfgeschneiderte Trocknungsl\u00f6sungen f\u00fcr eine Vielzahl von Materialien, einschlie\u00dflich Lebensmittel, landwirtschaftliche Produkte, Holz, Chemikalien und mehr. Verschiedene Materialien erfordern unterschiedliche Trocknungstechnologien, wie<strong><a href=\"https:\/\/dryingplant.com\/de\/continuous-conveyor-dryer\/\"> Bandtrockner,<\/a><\/strong> Trommeltrockner, <strong><a href=\"https:\/\/dryingplant.com\/de\/drying-room\/\">Trocknungsr\u00e4ume<\/a><\/strong> oder W\u00e4rmepumpentrockner.<\/p>    <p>\ud83d\udc49 Um die geeignetste L\u00f6sung zu empfehlen, ben\u00f6tigen wir einige wichtige Informationen von Ihnen, bevor wir einen Vorschlag machen.<\/p>    <figure class=\"wp-block-gallery has-nested-images columns-default is-cropped wp-block-gallery-2 is-layout-flex wp-block-gallery-is-layout-flex\"> <figure class=\"wp-block-image size-large\"><img loading=\"lazy\" decoding=\"async\" width=\"720\" height=\"540\" data-id=\"9473\" src=\"https:\/\/dryingplant.com\/wp-content\/uploads\/2026\/03\/Small-Almond-Drying-Equipment.webp\" alt=\"Kleine Mandeltrockenausr\u00fcstung\" class=\"wp-image-9473\" title=\"\" srcset=\"https:\/\/dryingplant.com\/wp-content\/uploads\/2026\/03\/Small-Almond-Drying-Equipment.webp 720w, https:\/\/dryingplant.com\/wp-content\/uploads\/2026\/03\/Small-Almond-Drying-Equipment-240x180.webp 240w, https:\/\/dryingplant.com\/wp-content\/uploads\/2026\/03\/Small-Almond-Drying-Equipment-16x12.webp 16w\" sizes=\"auto, (max-width: 720px) 100vw, 720px\" \/><figcaption class=\"wp-element-caption\">Kleine Mandeltrockenausr\u00fcstung<\/figcaption><\/figure>    <figure class=\"wp-block-image size-large\"><img loading=\"lazy\" decoding=\"async\" width=\"720\" height=\"540\" data-id=\"9497\" src=\"https:\/\/dryingplant.com\/wp-content\/uploads\/2026\/04\/conveyor-type-continuous-mesh-belt-dryer.webp\" alt=\"conveyor type continuous mesh belt dryer\" class=\"wp-image-9497\" title=\"\" srcset=\"https:\/\/dryingplant.com\/wp-content\/uploads\/2026\/04\/conveyor-type-continuous-mesh-belt-dryer.webp 720w, https:\/\/dryingplant.com\/wp-content\/uploads\/2026\/04\/conveyor-type-continuous-mesh-belt-dryer-240x180.webp 240w, https:\/\/dryingplant.com\/wp-content\/uploads\/2026\/04\/conveyor-type-continuous-mesh-belt-dryer-16x12.webp 16w\" sizes=\"auto, (max-width: 720px) 100vw, 720px\" \/><figcaption class=\"wp-element-caption\">F\u00f6rderbandtyp: Kontinuierlicher Gitterbandtrockner aus Edelstahl<\/figcaption><\/figure>    <figure class=\"wp-block-image size-large\"><img loading=\"lazy\" decoding=\"async\" width=\"720\" height=\"540\" data-id=\"8863\" src=\"https:\/\/dryingplant.com\/wp-content\/uploads\/2024\/04\/The-price-of-a-mobile-grain-dryer.webp\" alt=\"Der Preis eines mobilen Getreidetrockners\" class=\"wp-image-8863\" title=\"\" srcset=\"https:\/\/dryingplant.com\/wp-content\/uploads\/2024\/04\/The-price-of-a-mobile-grain-dryer.webp 720w, https:\/\/dryingplant.com\/wp-content\/uploads\/2024\/04\/The-price-of-a-mobile-grain-dryer-240x180.webp 240w, https:\/\/dryingplant.com\/wp-content\/uploads\/2024\/04\/The-price-of-a-mobile-grain-dryer-16x12.webp 16w\" sizes=\"auto, (max-width: 720px) 100vw, 720px\" \/><figcaption class=\"wp-element-caption\">Der Preis eines mobilen Getreidetrockners<\/figcaption><\/figure>    <figure class=\"wp-block-image size-large\"><img loading=\"lazy\" decoding=\"async\" width=\"720\" height=\"540\" data-id=\"8801\" src=\"https:\/\/dryingplant.com\/wp-content\/uploads\/2021\/03\/Price-of-Microwave-Drying-Machine.webp\" alt=\"Preis der Mikrowellentrocknungsmaschine\" class=\"wp-image-8801\" title=\"\" srcset=\"https:\/\/dryingplant.com\/wp-content\/uploads\/2021\/03\/Price-of-Microwave-Drying-Machine.webp 720w, https:\/\/dryingplant.com\/wp-content\/uploads\/2021\/03\/Price-of-Microwave-Drying-Machine-240x180.webp 240w, https:\/\/dryingplant.com\/wp-content\/uploads\/2021\/03\/Price-of-Microwave-Drying-Machine-16x12.webp 16w\" sizes=\"auto, (max-width: 720px) 100vw, 720px\" \/><figcaption class=\"wp-element-caption\">Preis der Mikrowellen-Trocknungsmaschine<\/figcaption><\/figure>    <figure class=\"wp-block-image size-large\"><img loading=\"lazy\" decoding=\"async\" width=\"720\" height=\"540\" data-id=\"5869\" src=\"https:\/\/dryingplant.com\/wp-content\/uploads\/2023\/03\/inner-structure-of-sawdust-drying-equipment.webp\" alt=\"Innenstruktur der S\u00e4gemehltrocknungsanlage\" class=\"wp-image-5869\" title=\"\"><figcaption class=\"wp-element-caption\">Innere Struktur der S\u00e4gemehltrocknungsanlage<\/figcaption><\/figure> <\/figure>    <h2 class=\"wp-block-heading\"><mark style=\"background-color:rgba(0, 0, 0, 0)\" class=\"has-inline-color has-theme-palette-1-color\">Welche Informationen sollten Sie bereitstellen?<\/mark><\/h2>    <p>Um uns bei der Entwicklung der besten Trocknungsl\u00f6sung f\u00fcr Sie zu unterst\u00fctzen, stellen Sie bitte die folgenden Details bereit:<\/p>    <h3 class=\"wp-block-heading\">1. Materialinformationen<\/h3>    <ul class=\"wp-block-list\"> <li>Wie hei\u00dft Ihr Material?<\/li>    <li>Ist es fest, Pulver, Paste oder fl\u00fcssig?<\/li>    <li>Was ist die Gr\u00f6\u00dfe oder Form (Scheibe, Granulat, Ganzes usw.)?<\/li>    <li>Bitte stellen Sie <strong><mark style=\"background-color:rgba(0, 0, 0, 0)\" class=\"has-inline-color has-theme-palette-1-color\">Klare Fotos des Rohmaterials<\/mark><\/strong><\/li> <\/ul>    <p>\ud83d\udc49 Verschiedene Materialien erfordern v\u00f6llig unterschiedliche Trocknungsmethoden.<\/p>    <figure class=\"wp-block-gallery has-nested-images columns-default is-cropped wp-block-gallery-3 is-layout-flex wp-block-gallery-is-layout-flex\"> <figure class=\"wp-block-image size-large\"><img loading=\"lazy\" decoding=\"async\" width=\"720\" height=\"540\" data-id=\"9268\" src=\"https:\/\/dryingplant.com\/wp-content\/uploads\/2025\/10\/Mixed-Dried-Fruit.webp\" alt=\"Gemischte Trockenfr\u00fcchte\" class=\"wp-image-9268\" title=\"\" srcset=\"https:\/\/dryingplant.com\/wp-content\/uploads\/2025\/10\/Mixed-Dried-Fruit.webp 720w, https:\/\/dryingplant.com\/wp-content\/uploads\/2025\/10\/Mixed-Dried-Fruit-240x180.webp 240w, https:\/\/dryingplant.com\/wp-content\/uploads\/2025\/10\/Mixed-Dried-Fruit-16x12.webp 16w\" sizes=\"auto, (max-width: 720px) 100vw, 720px\" \/><figcaption class=\"wp-element-caption\">Gemischte Trockenfr\u00fcchte<\/figcaption><\/figure>    <figure class=\"wp-block-image size-large\"><img loading=\"lazy\" decoding=\"async\" width=\"720\" height=\"540\" data-id=\"9227\" src=\"https:\/\/dryingplant.com\/wp-content\/uploads\/2025\/10\/A-bountiful-mango-harvest.webp\" alt=\"\" class=\"wp-image-9227\" title=\"\" srcset=\"https:\/\/dryingplant.com\/wp-content\/uploads\/2025\/10\/A-bountiful-mango-harvest.webp 720w, https:\/\/dryingplant.com\/wp-content\/uploads\/2025\/10\/A-bountiful-mango-harvest-240x180.webp 240w, https:\/\/dryingplant.com\/wp-content\/uploads\/2025\/10\/A-bountiful-mango-harvest-16x12.webp 16w\" sizes=\"auto, (max-width: 720px) 100vw, 720px\" \/><\/figure>    <figure class=\"wp-block-image size-large\"><img loading=\"lazy\" decoding=\"async\" width=\"720\" height=\"540\" data-id=\"9216\" src=\"https:\/\/dryingplant.com\/wp-content\/uploads\/2025\/10\/Place-the-prepared-fish-fillets-evenly-on-the-drying-trays.webp\" alt=\"Die vorbereiteten Fischfilets gleichm\u00e4\u00dfig auf den Trocknungstabletts verteilen\" class=\"wp-image-9216\" title=\"\" srcset=\"https:\/\/dryingplant.com\/wp-content\/uploads\/2025\/10\/Place-the-prepared-fish-fillets-evenly-on-the-drying-trays.webp 720w, https:\/\/dryingplant.com\/wp-content\/uploads\/2025\/10\/Place-the-prepared-fish-fillets-evenly-on-the-drying-trays-240x180.webp 240w, https:\/\/dryingplant.com\/wp-content\/uploads\/2025\/10\/Place-the-prepared-fish-fillets-evenly-on-the-drying-trays-16x12.webp 16w\" sizes=\"auto, (max-width: 720px) 100vw, 720px\" \/><figcaption class=\"wp-element-caption\">Platzieren Sie die vorbereiteten Fischfilets gleichm\u00e4\u00dfig auf den Trocknungstrays<\/figcaption><\/figure>    <figure class=\"wp-block-image size-large\"><img loading=\"lazy\" decoding=\"async\" width=\"720\" height=\"540\" data-id=\"9393\" src=\"https:\/\/dryingplant.com\/wp-content\/uploads\/2026\/01\/Grape-seed.webp\" alt=\"Traubenkern\" class=\"wp-image-9393\" title=\"\" srcset=\"https:\/\/dryingplant.com\/wp-content\/uploads\/2026\/01\/Grape-seed.webp 720w, https:\/\/dryingplant.com\/wp-content\/uploads\/2026\/01\/Grape-seed-240x180.webp 240w, https:\/\/dryingplant.com\/wp-content\/uploads\/2026\/01\/Grape-seed-16x12.webp 16w\" sizes=\"auto, (max-width: 720px) 100vw, 720px\" \/><figcaption class=\"wp-element-caption\">Traubenkern<\/figcaption><\/figure>    <figure class=\"wp-block-image size-large\"><img loading=\"lazy\" decoding=\"async\" width=\"720\" height=\"540\" data-id=\"9458\" src=\"https:\/\/dryingplant.com\/wp-content\/uploads\/2026\/03\/Almond.webp\" alt=\"Mandeln\" class=\"wp-image-9458\" title=\"\" srcset=\"https:\/\/dryingplant.com\/wp-content\/uploads\/2026\/03\/Almond.webp 720w, https:\/\/dryingplant.com\/wp-content\/uploads\/2026\/03\/Almond-240x180.webp 240w, https:\/\/dryingplant.com\/wp-content\/uploads\/2026\/03\/Almond-16x12.webp 16w\" sizes=\"auto, (max-width: 720px) 100vw, 720px\" \/><\/figure>    <figure class=\"wp-block-image size-large\"><img loading=\"lazy\" decoding=\"async\" width=\"720\" height=\"540\" data-id=\"9310\" src=\"https:\/\/dryingplant.com\/wp-content\/uploads\/2025\/11\/cashew-nut_.webp\" alt=\"Cashewnuss\" class=\"wp-image-9310\" title=\"\" srcset=\"https:\/\/dryingplant.com\/wp-content\/uploads\/2025\/11\/cashew-nut_.webp 720w, https:\/\/dryingplant.com\/wp-content\/uploads\/2025\/11\/cashew-nut_-240x180.webp 240w, https:\/\/dryingplant.com\/wp-content\/uploads\/2025\/11\/cashew-nut_-16x12.webp 16w\" sizes=\"auto, (max-width: 720px) 100vw, 720px\" \/><figcaption class=\"wp-element-caption\">Cashew-Nuss<\/figcaption><\/figure> <\/figure>    <h3 class=\"wp-block-heading\">2. Feuchtigkeitsgehalt (sehr wichtig)<\/h3>    <ul class=\"wp-block-list\"> <li>Anf\u00e4nglicher Feuchtigkeitsgehalt (%)<\/li>    <li>Endg\u00fcltiger Feuchtigkeitsgehalt (%)<\/li> <\/ul>    <p>\ud83d\udc49 Dies bestimmt die Trocknungstemperatur, Trocknungszeit und Maschinentyp.<\/p>    <h3 class=\"wp-block-heading\">3. Kapazit\u00e4tsanforderung<\/h3>    <ul class=\"wp-block-list\"> <li>Wie viel Material m\u00f6chten Sie verarbeiten? (kg\/h oder Tonnen\/Tag)<\/li> <\/ul>    <p class=\"translation-block\">\ud83d\udc49 Dies hilft uns zu entscheiden, ob Sie einen <strong>Chargentrockner oder einen kontinuierlichen Trockner<\/strong> ben\u00f6tigen.<\/p>    <h3 class=\"wp-block-heading\">4. Bevorzugte W\u00e4rmequelle<\/h3>    <ul class=\"wp-block-list\"> <li>Elektrizit\u00e4t<\/li>    <li>Gas<\/li>    <li>Dampf<\/li>    <li>Biomasse<\/li>    <li>W\u00e4rmepumpe<\/li> <\/ul>    <p>\ud83d\udc49 Wir k\u00f6nnen Maschinen basierend auf Ihrer verf\u00fcgbaren Energiequelle entwerfen.<\/p>   <div class=\"wp-block-image\"> <figure class=\"aligncenter size-full\"><img loading=\"lazy\" decoding=\"async\" width=\"720\" height=\"540\" src=\"https:\/\/dryingplant.com\/wp-content\/uploads\/2026\/04\/hot-air-continuous-mesh-belt-dryer.webp\" alt=\"Hei\u00dfluft-Continuous-Meshbandtrockner\" class=\"wp-image-9500\" title=\"\" srcset=\"https:\/\/dryingplant.com\/wp-content\/uploads\/2026\/04\/hot-air-continuous-mesh-belt-dryer.webp 720w, https:\/\/dryingplant.com\/wp-content\/uploads\/2026\/04\/hot-air-continuous-mesh-belt-dryer-240x180.webp 240w, https:\/\/dryingplant.com\/wp-content\/uploads\/2026\/04\/hot-air-continuous-mesh-belt-dryer-16x12.webp 16w\" sizes=\"auto, (max-width: 720px) 100vw, 720px\" \/><figcaption class=\"wp-element-caption\">Hei\u00dfluft-Continuous-Meshbandtrockner<\/figcaption><\/figure> <\/div>   <h3 class=\"wp-block-heading\">5. Anforderungen an das Endprodukt<\/h3>    <ul class=\"wp-block-list\"> <li>Endform (Pulver, Scheibe, Granulat usw.)<\/li>    <li>Qualit\u00e4tsanforderungen (Farbe, Geschmack, N\u00e4hrwert usw.)<\/li>    <li>Ist es f\u00fcr die Lebensmittelverarbeitung oder den industriellen Gebrauch?<\/li> <\/ul>    <h3 class=\"wp-block-heading\">6. Lokale Bedingungen (optional, aber hilfreich)<\/h3>    <ul class=\"wp-block-list\"> <li>Spannung und Frequenz<\/li>    <li>Verf\u00fcgbare Installationsfl\u00e4che<\/li>    <li>Lokale Klimabedingungen<\/li> <\/ul>    <p>\ud83d\udc49 Dies hilft sicherzustellen, dass die Maschine in Ihre Fabrikumgebung passt.<\/p>    <h2 class=\"wp-block-heading\">Anwendungsbeispiele<\/h2>    <p>Wir haben erfolgreich Trocknungsl\u00f6sungen f\u00fcr verschiedene Materialien bereitgestellt, wie:<\/p>    <ul class=\"wp-block-list\"> <li>Fr\u00fcchte und Gem\u00fcse (Chili, Knoblauch, Zwiebel, Mango)<\/li>    <li>Fisch- und Fleischprodukte<\/li>    <li>Holzsp\u00e4ne und S\u00e4gemehl<\/li>    <li>Kr\u00e4uter- und landwirtschaftliche Materialien<\/li> <\/ul>    <p>Sie k\u00f6nnen uns Ihre Materialfotos senden, und wir empfehlen eine \u00e4hnliche L\u00f6sung.<\/p>    <figure class=\"wp-block-gallery has-nested-images columns-default is-cropped wp-block-gallery-4 is-layout-flex wp-block-gallery-is-layout-flex\"> <figure class=\"wp-block-image size-large\"><img loading=\"lazy\" decoding=\"async\" width=\"720\" height=\"405\" data-id=\"9457\" src=\"https:\/\/dryingplant.com\/wp-content\/uploads\/2026\/03\/Almond-Drying.webp\" alt=\"Mandeltrocknung\" class=\"wp-image-9457\" title=\"\" srcset=\"https:\/\/dryingplant.com\/wp-content\/uploads\/2026\/03\/Almond-Drying.webp 720w, https:\/\/dryingplant.com\/wp-content\/uploads\/2026\/03\/Almond-Drying-320x180.webp 320w, https:\/\/dryingplant.com\/wp-content\/uploads\/2026\/03\/Almond-Drying-160x90.webp 160w, https:\/\/dryingplant.com\/wp-content\/uploads\/2026\/03\/Almond-Drying-18x10.webp 18w\" sizes=\"auto, (max-width: 720px) 100vw, 720px\" \/><figcaption class=\"wp-element-caption\">Mandeltrocknung<\/figcaption><\/figure>    <figure class=\"wp-block-image size-large\"><img loading=\"lazy\" decoding=\"async\" width=\"720\" height=\"405\" data-id=\"9399\" src=\"https:\/\/dryingplant.com\/wp-content\/uploads\/2026\/01\/\u672a\u6807\u9898-1.webp\" alt=\"Traubenkernd\u00f6rrung\" class=\"wp-image-9399\" title=\"\" srcset=\"https:\/\/dryingplant.com\/wp-content\/uploads\/2026\/01\/\u672a\u6807\u9898-1.webp 720w, https:\/\/dryingplant.com\/wp-content\/uploads\/2026\/01\/\u672a\u6807\u9898-1-320x180.webp 320w, https:\/\/dryingplant.com\/wp-content\/uploads\/2026\/01\/\u672a\u6807\u9898-1-160x90.webp 160w, https:\/\/dryingplant.com\/wp-content\/uploads\/2026\/01\/\u672a\u6807\u9898-1-18x10.webp 18w\" sizes=\"auto, (max-width: 720px) 100vw, 720px\" \/><figcaption class=\"wp-element-caption\">Traubenkernd\u00f6rrung<\/figcaption><\/figure>    <figure class=\"wp-block-image size-large\"><img loading=\"lazy\" decoding=\"async\" width=\"720\" height=\"405\" data-id=\"9385\" src=\"https:\/\/dryingplant.com\/wp-content\/uploads\/2025\/12\/Black-Tea-Drying.webp\" alt=\"Schwarzer Tee Trocknung\" class=\"wp-image-9385\" title=\"\" srcset=\"https:\/\/dryingplant.com\/wp-content\/uploads\/2025\/12\/Black-Tea-Drying.webp 720w, https:\/\/dryingplant.com\/wp-content\/uploads\/2025\/12\/Black-Tea-Drying-320x180.webp 320w, https:\/\/dryingplant.com\/wp-content\/uploads\/2025\/12\/Black-Tea-Drying-160x90.webp 160w, https:\/\/dryingplant.com\/wp-content\/uploads\/2025\/12\/Black-Tea-Drying-18x10.webp 18w\" sizes=\"auto, (max-width: 720px) 100vw, 720px\" \/><figcaption class=\"wp-element-caption\">Schwarzer Tee Trocknung<\/figcaption><\/figure>    <figure class=\"wp-block-image size-large\"><img loading=\"lazy\" decoding=\"async\" width=\"720\" height=\"405\" data-id=\"9366\" src=\"https:\/\/dryingplant.com\/wp-content\/uploads\/2025\/12\/f15a6be864474d13b621e170129f97ea.png\" alt=\"Gem\u00fcsetrocknung\" class=\"wp-image-9366\" title=\"\" srcset=\"https:\/\/dryingplant.com\/wp-content\/uploads\/2025\/12\/f15a6be864474d13b621e170129f97ea.png 720w, https:\/\/dryingplant.com\/wp-content\/uploads\/2025\/12\/f15a6be864474d13b621e170129f97ea-320x180.png 320w, https:\/\/dryingplant.com\/wp-content\/uploads\/2025\/12\/f15a6be864474d13b621e170129f97ea-160x90.png 160w, https:\/\/dryingplant.com\/wp-content\/uploads\/2025\/12\/f15a6be864474d13b621e170129f97ea-18x10.png 18w\" sizes=\"auto, (max-width: 720px) 100vw, 720px\" \/><figcaption class=\"wp-element-caption\">Gem\u00fcsetrocknung<\/figcaption><\/figure>    <figure class=\"wp-block-image size-large\"><img loading=\"lazy\" decoding=\"async\" width=\"720\" height=\"405\" data-id=\"9314\" src=\"https:\/\/dryingplant.com\/wp-content\/uploads\/2025\/11\/fa7cd8cc08824932a6d7c060f0e4abf9.webp\" alt=\"Haselnuss-Trocknung\" class=\"wp-image-9314\" title=\"\" srcset=\"https:\/\/dryingplant.com\/wp-content\/uploads\/2025\/11\/fa7cd8cc08824932a6d7c060f0e4abf9.webp 720w, https:\/\/dryingplant.com\/wp-content\/uploads\/2025\/11\/fa7cd8cc08824932a6d7c060f0e4abf9-320x180.webp 320w, https:\/\/dryingplant.com\/wp-content\/uploads\/2025\/11\/fa7cd8cc08824932a6d7c060f0e4abf9-160x90.webp 160w, https:\/\/dryingplant.com\/wp-content\/uploads\/2025\/11\/fa7cd8cc08824932a6d7c060f0e4abf9-18x10.webp 18w\" sizes=\"auto, (max-width: 720px) 100vw, 720px\" \/><figcaption class=\"wp-element-caption\">Haselnuss-Trocknung<\/figcaption><\/figure>    <figure class=\"wp-block-image size-large\"><img loading=\"lazy\" decoding=\"async\" width=\"720\" height=\"405\" data-id=\"9284\" src=\"https:\/\/dryingplant.com\/wp-content\/uploads\/2025\/11\/Cocoa-Bean-Belt-Dryer-1.webp\" alt=\"Kakaobohnen-Bandtrockner\" class=\"wp-image-9284\" title=\"\" srcset=\"https:\/\/dryingplant.com\/wp-content\/uploads\/2025\/11\/Cocoa-Bean-Belt-Dryer-1.webp 720w, https:\/\/dryingplant.com\/wp-content\/uploads\/2025\/11\/Cocoa-Bean-Belt-Dryer-1-320x180.webp 320w, https:\/\/dryingplant.com\/wp-content\/uploads\/2025\/11\/Cocoa-Bean-Belt-Dryer-1-160x90.webp 160w, https:\/\/dryingplant.com\/wp-content\/uploads\/2025\/11\/Cocoa-Bean-Belt-Dryer-1-18x10.webp 18w\" sizes=\"auto, (max-width: 720px) 100vw, 720px\" \/><figcaption class=\"wp-element-caption\">Kakaobohnen-Bandtrockner<\/figcaption><\/figure> <\/figure>    <h2 class=\"wp-block-heading\"><mark style=\"background-color:rgba(0, 0, 0, 0)\" class=\"has-inline-color has-theme-palette-1-color\">Erhalten Sie Ihre ma\u00dfgeschneiderte Trocknungsl\u00f6sung<\/mark><\/h2>    <p>Senden Sie uns Ihre Materialdetails, und unsere Ingenieure werden Folgendes bereitstellen:<\/p>    <ul class=\"wp-block-list\"> <li>Geeignete Trocknungsmaschinenempfehlung<\/li>    <li>Technische L\u00f6sung<\/li>    <li>Gesch\u00e4tzte Kapazit\u00e4t und Energieverbrauch<\/li>    <li>Angebot<\/li> <\/ul>    <p class=\"translation-block\">\u23f1 <strong> Wir werden innerhalb von 24 Stunden antworten.<\/strong><\/p>    <p>\ud83d\udc49 Sie k\u00f6nnen uns \u00fcber das Popup-Fenster rechts kontaktieren. Wir sind innerhalb von 12 Stunden f\u00fcr Sie da.<\/p>    <p>Auch wenn Sie mit den spezifischen Eigenschaften der Materialien, die Sie trocknen m\u00f6chten, nicht vertraut sind, k\u00f6nnen Sie uns gerne konsultieren; wir freuen uns, Ihnen eine ma\u00dfgeschneiderte Trocknungsl\u00f6sung anzubieten. Wir freuen uns auf Ihre Kontaktaufnahme.<\/p>   <div class=\"wp-block-image\"> <figure class=\"aligncenter size-full\"><img loading=\"lazy\" decoding=\"async\" width=\"720\" height=\"540\" src=\"https:\/\/dryingplant.com\/wp-content\/uploads\/2026\/04\/Shuliys-customers.webp\" alt=\"Shuliy&#039;s Kunden\" class=\"wp-image-9543\" title=\"\" srcset=\"https:\/\/dryingplant.com\/wp-content\/uploads\/2026\/04\/Shuliys-customers.webp 720w, https:\/\/dryingplant.com\/wp-content\/uploads\/2026\/04\/Shuliys-customers-240x180.webp 240w, https:\/\/dryingplant.com\/wp-content\/uploads\/2026\/04\/Shuliys-customers-16x12.webp 16w\" sizes=\"auto, (max-width: 720px) 100vw, 720px\" \/><figcaption class=\"wp-element-caption\">Shuliy\u2019s Kunden<\/figcaption><\/figure> <\/div>","protected":false},"excerpt":{"rendered":"<p>How to Choose the Right Drying Machine for Your Material Choosing the right drying machine depends on your material, moisture content, and production requirements. At Drying Plant, we provide customized drying solutions for a wide range of materials, including food, agricultural products, wood, chemicals, and more. Different materials require different drying technologies, such as belt&#8230;<\/p>","protected":false},"author":1,"featured_media":0,"parent":0,"menu_order":0,"comment_status":"closed","ping_status":"closed","template":"","meta":{"_kad_blocks_custom_css":"","_kad_blocks_head_custom_js":"","_kad_blocks_body_custom_js":"","_kad_blocks_footer_custom_js":"","_kadence_starter_templates_imported_post":false,"_kad_post_transparent":"","_kad_post_title":"","_kad_post_layout":"","_kad_post_sidebar_id":"","_kad_post_content_style":"","_kad_post_vertical_padding":"","_kad_post_feature":"","_kad_post_feature_position":"","_kad_post_header":false,"_kad_post_footer":false,"_kad_post_classname":"","footnotes":""},"class_list":["post-9526","page","type-page","status-publish","hentry"],"taxonomy_info":[],"featured_image_src_large":false,"author_info":{"display_name":"DryingPlant.Com","author_link":"https:\/\/dryingplant.com\/de\/author\/drying\/"},"comment_info":0,"_links":{"self":[{"href":"https:\/\/dryingplant.com\/de\/wp-json\/wp\/v2\/pages\/9526","targetHints":{"allow":["GET"]}}],"collection":[{"href":"https:\/\/dryingplant.com\/de\/wp-json\/wp\/v2\/pages"}],"about":[{"href":"https:\/\/dryingplant.com\/de\/wp-json\/wp\/v2\/types\/page"}],"author":[{"embeddable":true,"href":"https:\/\/dryingplant.com\/de\/wp-json\/wp\/v2\/users\/1"}],"replies":[{"embeddable":true,"href":"https:\/\/dryingplant.com\/de\/wp-json\/wp\/v2\/comments?post=9526"}],"version-history":[{"count":15,"href":"https:\/\/dryingplant.com\/de\/wp-json\/wp\/v2\/pages\/9526\/revisions"}],"predecessor-version":[{"id":9544,"href":"https:\/\/dryingplant.com\/de\/wp-json\/wp\/v2\/pages\/9526\/revisions\/9544"}],"wp:attachment":[{"href":"https:\/\/dryingplant.com\/de\/wp-json\/wp\/v2\/media?parent=9526"}],"curies":[{"name":"wp","href":"https:\/\/api.w.org\/{rel}","templated":true}]}}